{"id":11033,"date":"2025-09-04T12:36:05","date_gmt":"2025-09-04T09:36:05","guid":{"rendered":"https:\/\/keluvo.com\/fi\/product\/kissan-talutushihnavaljaat-setti\/"},"modified":"2025-09-15T17:29:36","modified_gmt":"2025-09-15T14:29:36","slug":"kissan-talutushihnavaljaat-setti","status":"publish","type":"product","link":"https:\/\/keluvo.com\/fi\/product\/kissan-talutushihnavaljaat-setti\/","title":{"rendered":"Kissan talutushihnavaljaat setti"},"content":{"rendered":"<p style=\"text-align: center\"><strong>\ud83d\udc08Vie Lemmikkisi Viihtyisiin Seikkailuihin \u2013 Kissan Hihnavaljaiden Avulla!\ud83d\ude3b<\/strong><\/p>\n<p style=\"text-align: center\"><span style=\"font-weight: 400\">T\u00e4m\u00e4n mukavan valjaiden sarjan avulla kissasi tai koiranpentusi voi nauttia turvallisista ja iloisista k\u00e4velyist\u00e4 ja n\u00e4ytt\u00e4\u00e4 samalla supers\u00f6p\u00f6lt\u00e4!<\/span><\/p>\n<p><img decoding=\"async\" class=\"size-full wp-image-16013 aligncenter\" src=\"https:\/\/keluvo.com\/template\/wp-content\/uploads\/sites\/5\/2025\/04\/catharness-ezgif.com-video-to-webp-converter.webp\" alt=\"\" \/><\/p>\n<h2 style=\"text-align: center\">T\u00e4rkeimm\u00e4t Edut<\/h2>\n<p><b><\/b><span style=\"font-weight: 400\"> \u2705 <\/span><b>Super Pehme\u00e4t Ja Mukavat<\/b><span style=\"font-weight: 400\"> \u2013 Valmistettu hengitt\u00e4v\u00e4st\u00e4, ihoyst\u00e4v\u00e4llisest\u00e4 muhkeasta materiaalista<\/span><\/p>\n<p><span style=\"font-weight: 400\"> \u2705 <\/span><b>S\u00e4\u00e4dett\u00e4v\u00e4 Istuvuus<\/b><span style=\"font-weight: 400\"> \u2013 Vahvat soljet ja hihnat pit\u00e4v\u00e4t lemmikkisi turvallisena ja viihtyis\u00e4n\u00e4<\/span><\/p>\n<p><span style=\"font-weight: 400\"> \u2705 <\/span><b>Turvallinen Y\u00f6k\u00e4velyille<\/b><span style=\"font-weight: 400\"> \u2013 Heijastavat ompeleet tekev\u00e4t lemmikkisi helposti havaittavaksi pime\u00e4ss\u00e4<\/span><\/p>\n<p><span style=\"font-weight: 400\"> \u2705 <\/span><b>Trendikk\u00e4\u00e4t V\u00e4rit<\/b><span style=\"font-weight: 400\"> \u2013 Valitse hauskoja v\u00e4rej\u00e4 lemmikkisi tyyliin sopiviksi<\/span><\/p>\n<p><span style=\"font-weight: 400\"> \u2705 <\/span><b>T\u00e4ydellinen Kissoille Ja Pennuille<\/b><span style=\"font-weight: 400\"> \u2013 Sopii monille erikokoisille ja -rotuisille<\/span><\/p>\n<p><img decoding=\"async\" class=\"size-full wp-image-15975 aligncenter\" src=\"https:\/\/keluvo.com\/template\/wp-content\/uploads\/sites\/5\/2025\/04\/8.jpg\" alt=\"\" \/><\/p>\n<h2 style=\"text-align: center\">Mukavuuden Ja Turvallisuuden Lahja<\/h2>\n<p style=\"text-align: center\"><span style=\"font-weight: 400\">Pehme\u00e4st\u00e4 kordurosta ja kaniturkiksesta valmistettu valjaat ovat hell\u00e4varaiset lemmikkisi iholle. Helppojen s\u00e4\u00e4t\u00f6jen ja vahvojen solkien ansiosta se pit\u00e4\u00e4 kissasi tai koiranpentusi turvassa, olitpa sitten tutkimassa puistoa tai k\u00e4velem\u00e4ss\u00e4 naapurustossa. Lis\u00e4ksi kirkkaat v\u00e4rit ja heijastavat yksityiskohdat pit\u00e4v\u00e4t lemmikkisi hyv\u00e4nn\u00e4k\u00f6isen\u00e4 ja hyv\u00e4lt\u00e4 tuntuvana!<\/span><\/p>\n<h2 style=\"text-align: center\">K\u00e4ytt\u00f6<\/h2>\n<ol>\n<li style=\"font-weight: 400\"><span style=\"font-weight: 400\">S\u00e4\u00e4d\u00e4 hihnat niin, ett\u00e4 ne sopivat lemmikillesi tiukasti mutta mukavasti<\/span><span style=\"font-weight: 400\"><br \/>\n<\/span><\/li>\n<li style=\"font-weight: 400\"><span style=\"font-weight: 400\">Siirr\u00e4 hihna valjaisiin<\/span><span style=\"font-weight: 400\"><br \/>\n<\/span><\/li>\n<li style=\"font-weight: 400\"><span style=\"font-weight: 400\">Siirry ulos ja nauti turvallisista, viihtyisist\u00e4 k\u00e4velyist\u00e4 yhdess\u00e4<\/span><\/li>\n<li><span style=\"font-weight: 400\">K\u00e4yt\u00f6n j\u00e4lkeen pese k\u00e4sin tai puhdista tarvittaessa.<\/span><\/li>\n<\/ol>\n<h2 style=\"text-align: center\">Pakkaus Sis\u00e4lt\u00e4\u00e4<b><br \/>\n<\/b><\/h2>\n<ul>\n<li><span style=\"font-weight: 400\">1 pehme\u00e4n pehmoisen valjaan<\/span><span style=\"font-weight: 400\"><br \/>\n<\/span><\/li>\n<li><span style=\"font-weight: 400\">1 sopivan hihnan.<\/span><span style=\"font-weight: 400\"><br \/>\n<\/span><\/li>\n<\/ul>\n","protected":false},"excerpt":{"rendered":"<p>\ud83d\udc08Vie Lemmikkisi Viihtyisiin Seikkailuihin \u2013 Kissan Hihnavaljaiden Avulla!\ud83d\ude3b T\u00e4m\u00e4n mukavan valjaiden sarjan avulla kissasi tai koiranpentusi voi nauttia turvallisista ja [&hellip;]<\/p>\n","protected":false},"featured_media":11029,"comment_status":"open","ping_status":"closed","template":"","meta":{"site-sidebar-layout":"default","site-content-layout":"","ast-site-content-layout":"default","site-content-style":"default","site-sidebar-style":"default","ast-global-header-display":"","ast-banner-title-visibility":"","ast-main-header-display":"","ast-hfb-above-header-display":"","ast-hfb-below-header-display":"","ast-hfb-mobile-header-display":"","site-post-title":"","ast-breadcrumbs-content":"","ast-featured-img":"","footer-sml-layout":"","theme-transparent-header-meta":"default","adv-header-id-meta":"","stick-header-meta":"","header-above-stick-meta":"","header-main-stick-meta":"","header-below-stick-meta":"","astra-migrate-meta-layouts":"set","ast-page-background-enabled":"default","ast-page-background-meta":{"desktop":{"background-color":"var(--ast-global-color-4)","background-image":"","background-repeat":"repeat","background-position":"center center","background-size":"auto","background-attachment":"scroll","background-type":"","background-media":"","overlay-type":"","overlay-color":"","overlay-opacity":"","overlay-gradient":""},"tablet":{"background-color":"","background-image":"","background-repeat":"repeat","background-position":"center center","background-size":"auto","background-attachment":"scroll","background-type":"","background-media":"","overlay-type":"","overlay-color":"","overlay-opacity":"","overlay-gradient":""},"mobile":{"background-color":"","background-image":"","background-repeat":"repeat","background-position":"center center","background-size":"auto","background-attachment":"scroll","background-type":"","background-media":"","overlay-type":"","overlay-color":"","overlay-opacity":"","overlay-gradient":""}},"ast-content-background-meta":{"desktop":{"background-color":"var(--ast-global-color-5)","background-image":"","background-repeat":"repeat","background-position":"center center","background-size":"auto","background-attachment":"scroll","background-type":"","background-media":"","overlay-type":"","overlay-color":"","overlay-opacity":"","overlay-gradient":""},"tablet":{"background-color":"var(--ast-global-color-5)","background-image":"","background-repeat":"repeat","background-position":"center center","background-size":"auto","background-attachment":"scroll","background-type":"","background-media":"","overlay-type":"","overlay-color":"","overlay-opacity":"","overlay-gradient":""},"mobile":{"background-color":"var(--ast-global-color-5)","background-image":"","background-repeat":"repeat","background-position":"center center","background-size":"auto","background-attachment":"scroll","background-type":"","background-media":"","overlay-type":"","overlay-color":"","overlay-opacity":"","overlay-gradient":""}}},"product_brand":[],"product_cat":[997],"product_tag":[],"class_list":{"0":"post-11033","1":"product","2":"type-product","3":"status-publish","4":"has-post-thumbnail","6":"product_cat-pets-products","7":"pa_48099_h4md143k-kahvi","8":"pa_48099_h4md143k-laivasto","9":"pa_48099_h4md143k-oranssi","10":"pa_48099_h4md143k-sininen","11":"pa_48099_h4md143k-vaaleanpunainen","12":"pa_48099_tkeq7mp5-xxs-15-25kg","13":"pa_48099_tkeq7mp5-xs-25-4kg","14":"pa_48099_tkeq7mp5-s-4-55kg","15":"pa_48099_tkeq7mp5-m-55-7kg","16":"desktop-align-left","17":"tablet-align-left","18":"mobile-align-left","20":"first","21":"instock","22":"shipping-taxable","23":"purchasable","24":"product-type-variable","25":"has-default-attributes"},"_links":{"self":[{"href":"https:\/\/keluvo.com\/fi\/wp-json\/wp\/v2\/product\/11033","targetHints":{"allow":["GET"]}}],"collection":[{"href":"https:\/\/keluvo.com\/fi\/wp-json\/wp\/v2\/product"}],"about":[{"href":"https:\/\/keluvo.com\/fi\/wp-json\/wp\/v2\/types\/product"}],"replies":[{"embeddable":true,"href":"https:\/\/keluvo.com\/fi\/wp-json\/wp\/v2\/comments?post=11033"}],"wp:featuredmedia":[{"embeddable":true,"href":"https:\/\/keluvo.com\/fi\/wp-json\/wp\/v2\/media\/11029"}],"wp:attachment":[{"href":"https:\/\/keluvo.com\/fi\/wp-json\/wp\/v2\/media?parent=11033"}],"wp:term":[{"taxonomy":"product_brand","embeddable":true,"href":"https:\/\/keluvo.com\/fi\/wp-json\/wp\/v2\/product_brand?post=11033"},{"taxonomy":"product_cat","embeddable":true,"href":"https:\/\/keluvo.com\/fi\/wp-json\/wp\/v2\/product_cat?post=11033"},{"taxonomy":"product_tag","embeddable":true,"href":"https:\/\/keluvo.com\/fi\/wp-json\/wp\/v2\/product_tag?post=11033"}],"curies":[{"name":"wp","href":"https:\/\/api.w.org\/{rel}","templated":true}]}}