{"id":10932,"date":"2025-09-03T15:46:35","date_gmt":"2025-09-03T12:46:35","guid":{"rendered":"https:\/\/keluvo.com\/fi\/product\/fake-hampaat-kansi\/"},"modified":"2025-09-13T13:28:24","modified_gmt":"2025-09-13T10:28:24","slug":"fake-hampaat-kansi","status":"publish","type":"product","link":"https:\/\/keluvo.com\/fi\/product\/fake-hampaat-kansi\/","title":{"rendered":"Fake hampaat kansi"},"content":{"rendered":"<h2 style=\"text-align: center\">\ud83e\uddb7 V\u00e4lit\u00f6n t\u00e4ydellinen hymy<\/h2>\n<p style=\"text-align: center\">Muuta hymysi sekunneissa! Olitpa sitten tekemisiss\u00e4 puuttuvien, v\u00e4rj\u00e4ytyneiden tai vinoutuneiden hampaiden kanssa, t\u00e4m\u00e4 kiinnitett\u00e4v\u00e4 hammasviilu tarjoaa nopean, edullisen ja ei-invasiivisen ratkaisun. Ei hammasl\u00e4\u00e4k\u00e4rik\u00e4yntej\u00e4. Ei kipua. Vain kirkkaampi ja t\u00e4ytel\u00e4isempi hymy milloin tahansa.<\/p>\n<p><img decoding=\"async\" class=\"size-full wp-image-15145 aligncenter\" src=\"https:\/\/keluvo.com\/template\/wp-content\/uploads\/sites\/5\/2025\/04\/ezgif-79c733d65f62b6.webp\" alt=\"\" \/><\/p>\n<h2 style=\"text-align: center\" data-start=\"954\" data-end=\"974\">\u2728 T\u00e4rkeimm\u00e4t edut<\/h2>\n<ul data-start=\"975\" data-end=\"1436\">\n<li class=\"\" style=\"text-align: center\" data-start=\"975\" data-end=\"1067\">\n<p class=\"\" data-start=\"977\" data-end=\"1067\"><strong>V\u00e4lit\u00f6n hymyn muodonmuutos<\/strong> \u2013 Peitt\u00e4\u00e4 aukot, lohkeamat, v\u00e4rj\u00e4ytym\u00e4t ja vinot hampaat vaivattomasti.<\/p>\n<\/li>\n<li class=\"\" style=\"text-align: center\" data-start=\"1068\" data-end=\"1150\">\n<p class=\"\" data-start=\"1070\" data-end=\"1150\"><strong>Muokattu istuvuus<\/strong>\u2013 Pehmenee kuumassa vedess\u00e4, jotta se tuntuu yksil\u00f6lliselt\u00e4 ja istuvalta.<\/p>\n<\/li>\n<li class=\"\" style=\"text-align: center\" data-start=\"1151\" data-end=\"1247\">\n<p class=\"\" data-start=\"1153\" data-end=\"1247\"><strong>Luonnollinen ulkoasu ja tuntu<\/strong> \u2013 Muotoiltu j\u00e4ljittelem\u00e4\u00e4n aitojen hampaiden ulkon\u00e4k\u00f6\u00e4 huomaamatonta k\u00e4ytt\u00f6\u00e4 varten.<\/p>\n<\/li>\n<li class=\"\" style=\"text-align: center\" data-start=\"1248\" data-end=\"1352\">\n<p class=\"\" data-start=\"1250\" data-end=\"1352\"><strong>Uudelleenk\u00e4ytett\u00e4v\u00e4 ja irrotettava<\/strong> \u2013 K\u00e4yt\u00e4 yh\u00e4 uudelleen t\u00e4rkeisiin tapahtumiin, valokuviin tai jokap\u00e4iv\u00e4iseen itsevarmuuteen.<\/p>\n<\/li>\n<li class=\"\" style=\"text-align: center\" data-start=\"1353\" data-end=\"1436\">\n<p class=\"\" data-start=\"1355\" data-end=\"1436\"><strong>Budjettiyst\u00e4v\u00e4llinen<\/strong> \u2013 \u00c4lyk\u00e4s vaihtoehto kalliille hammasraudoille tai kosmeettiselle hammasl\u00e4\u00e4ketieteelle.<\/p>\n<\/li>\n<\/ul>\n<p><img decoding=\"async\" class=\"size-full wp-image-15146 aligncenter\" src=\"https:\/\/keluvo.com\/template\/wp-content\/uploads\/sites\/5\/2025\/04\/S238011bcf6784e29998de126757e8b47V-1.jpg\" alt=\"\" \/><\/p>\n<h2 style=\"text-align: center\" data-start=\"1443\" data-end=\"1462\">\ud83d\udee0 Kuinka k\u00e4ytt\u00e4\u00e4<\/h2>\n<ol data-start=\"1463\" data-end=\"1708\">\n<li class=\"\" style=\"text-align: center\" data-start=\"1463\" data-end=\"1532\">\n<p class=\"\" data-start=\"1466\" data-end=\"1532\"><strong>Pehment\u00e4\u00e4:<\/strong> Aseta kuumaan veteen 1 minuutiksi, jotta se joustaa.<\/p>\n<\/li>\n<li class=\"\" style=\"text-align: center\" data-start=\"1533\" data-end=\"1603\">\n<p class=\"\" data-start=\"1536\" data-end=\"1603\"><strong>Sopiva:<\/strong> Paina oikeiden hampaiden p\u00e4\u00e4lle k\u00e4ytt\u00e4en peili\u00e4 kohdistusta varten.<\/p>\n<\/li>\n<li class=\"\" style=\"text-align: center\" data-start=\"1604\" data-end=\"1708\">\n<p class=\"\" data-start=\"1607\" data-end=\"1708\"><strong>Sarja:<\/strong> J\u00e4\u00e4hdyt\u00e4 kylm\u00e4ss\u00e4 vedess\u00e4, jotta j\u00e4lki kovettuu\u00a0<br data-start=\"1660\" data-end=\"1663\" \/><em>Valinnainen:<\/em> Leikkaa tarvittaessa t\u00e4ydellisen istuvuuden saavuttamiseksi.<\/p>\n<\/li>\n<\/ol>\n<p>&nbsp;<\/p>\n<h2 style=\"text-align: center\" data-start=\"1715\" data-end=\"1739\">\ud83d\udd04 Sis\u00e4lt\u00e4\u00e4<\/h2>\n<ul data-start=\"1740\" data-end=\"1789\">\n<li class=\"\" style=\"text-align: center\" data-start=\"1740\" data-end=\"1764\">\n<p class=\"\" data-start=\"1742\" data-end=\"1764\">1x Ylempien hampaiden suojus<\/p>\n<\/li>\n<li class=\"\" style=\"text-align: center\" data-start=\"1765\" data-end=\"1789\">\n<p class=\"\" data-start=\"1767\" data-end=\"1789\">1x Alempien hampaiden suojus<\/p>\n<\/li>\n<\/ul>\n<p>&nbsp;<\/p>\n<h2 style=\"text-align: center\" data-start=\"1796\" data-end=\"1823\">\ud83d\udca1 Miksi rakastat sit\u00e4<\/h2>\n<p class=\"\" style=\"text-align: center\" data-start=\"1824\" data-end=\"2021\">Miksi hymysi on paras asusteesi &#8211; ja sen ei pit\u00e4isi koskaan maksaa omaisuutta, jotta voit tuntea olosi upeaksi. Olipa kyse sitten illanvietosta, erikoistapahtumasta tai p\u00e4ivitt\u00e4isest\u00e4 itsevarmuudesta, t\u00e4m\u00e4 on tilap\u00e4inen korjauksesi.<\/p>\n<h2 style=\"text-align: center\" data-start=\"2028\" data-end=\"2037\">\u2753 Kysymyksi\u00e4<\/h2>\n<p class=\"\" style=\"text-align: center\" data-start=\"2039\" data-end=\"2127\"><strong>Onko T\u00e4m\u00e4 Tuote Uudelleenk\u00e4ytett\u00e4viss\u00e4?<\/strong><br data-start=\"2068\" data-end=\"2071\" \/>Kyll\u00e4! Puhdista se jokaisen k\u00e4ytt\u00f6kerran j\u00e4lkeen, niin se on valmis uuteen k\u00e4ytt\u00f6\u00f6n.<\/p>\n<p class=\"\" style=\"text-align: center\" data-start=\"2129\" data-end=\"2251\"><strong>N\u00e4ytt\u00e4\u00e4k\u00f6 Se Oikeilta Hampailta?<\/strong><br data-start=\"2162\" data-end=\"2165\" \/>Ehdottomasti. Se on suunniteltu niin, ett\u00e4 se n\u00e4ytt\u00e4\u00e4 luonnolliselta, hampaiden kaltaiselta ja antaa realistisen lopputuloksen.<\/p>\n<p class=\"\" style=\"text-align: center\" data-start=\"2253\" data-end=\"2384\"><strong>Voinko Sy\u00f6d\u00e4 Tai Juoda, Kun Pid\u00e4n Sit\u00e4?<\/strong><br data-start=\"2293\" data-end=\"2296\" \/>On suositeltavaa poistaa viilut ennen sy\u00f6mist\u00e4 tai juomista, jotta ne s\u00e4ilyv\u00e4t kest\u00e4vin\u00e4.<\/p>\n<p class=\"\" style=\"text-align: center\" data-start=\"2386\" data-end=\"2497\"><strong>Miten Puhdistan Sen?<\/strong><br data-start=\"2408\" data-end=\"2411\" \/>Huuhtele se l\u00e4mpim\u00e4ll\u00e4 vedell\u00e4 ja miedolla saippualla jokaisen k\u00e4ytt\u00f6kerran j\u00e4lkeen. S\u00e4ilyt\u00e4 viile\u00e4ss\u00e4 ja kuivassa paikassa.<\/p>\n","protected":false},"excerpt":{"rendered":"<p>\ud83e\uddb7 V\u00e4lit\u00f6n t\u00e4ydellinen hymy Muuta hymysi sekunneissa! Olitpa sitten tekemisiss\u00e4 puuttuvien, v\u00e4rj\u00e4ytyneiden tai vinoutuneiden hampaiden kanssa, t\u00e4m\u00e4 kiinnitett\u00e4v\u00e4 hammasviilu tarjoaa [&hellip;]<\/p>\n","protected":false},"featured_media":10928,"comment_status":"open","ping_status":"closed","template":"","meta":{"site-sidebar-layout":"default","site-content-layout":"","ast-site-content-layout":"default","site-content-style":"default","site-sidebar-style":"default","ast-global-header-display":"","ast-banner-title-visibility":"","ast-main-header-display":"","ast-hfb-above-header-display":"","ast-hfb-below-header-display":"","ast-hfb-mobile-header-display":"","site-post-title":"","ast-breadcrumbs-content":"","ast-featured-img":"","footer-sml-layout":"","theme-transparent-header-meta":"default","adv-header-id-meta":"","stick-header-meta":"","header-above-stick-meta":"","header-main-stick-meta":"","header-below-stick-meta":"","astra-migrate-meta-layouts":"set","ast-page-background-enabled":"default","ast-page-background-meta":{"desktop":{"background-color":"var(--ast-global-color-4)","background-image":"","background-repeat":"repeat","background-position":"center center","background-size":"auto","background-attachment":"scroll","background-type":"","background-media":"","overlay-type":"","overlay-color":"","overlay-opacity":"","overlay-gradient":""},"tablet":{"background-color":"","background-image":"","background-repeat":"repeat","background-position":"center center","background-size":"auto","background-attachment":"scroll","background-type":"","background-media":"","overlay-type":"","overlay-color":"","overlay-opacity":"","overlay-gradient":""},"mobile":{"background-color":"","background-image":"","background-repeat":"repeat","background-position":"center center","background-size":"auto","background-attachment":"scroll","background-type":"","background-media":"","overlay-type":"","overlay-color":"","overlay-opacity":"","overlay-gradient":""}},"ast-content-background-meta":{"desktop":{"background-color":"var(--ast-global-color-5)","background-image":"","background-repeat":"repeat","background-position":"center center","background-size":"auto","background-attachment":"scroll","background-type":"","background-media":"","overlay-type":"","overlay-color":"","overlay-opacity":"","overlay-gradient":""},"tablet":{"background-color":"var(--ast-global-color-5)","background-image":"","background-repeat":"repeat","background-position":"center center","background-size":"auto","background-attachment":"scroll","background-type":"","background-media":"","overlay-type":"","overlay-color":"","overlay-opacity":"","overlay-gradient":""},"mobile":{"background-color":"var(--ast-global-color-5)","background-image":"","background-repeat":"repeat","background-position":"center center","background-size":"auto","background-attachment":"scroll","background-type":"","background-media":"","overlay-type":"","overlay-color":"","overlay-opacity":"","overlay-gradient":""}}},"product_brand":[],"product_cat":[992],"product_tag":[],"class_list":{"0":"post-10932","1":"product","2":"type-product","3":"status-publish","4":"has-post-thumbnail","6":"product_cat-beauty-and-hygiene-products","7":"desktop-align-left","8":"tablet-align-left","9":"mobile-align-left","11":"first","12":"instock","13":"shipping-taxable","14":"purchasable","15":"product-type-simple"},"_links":{"self":[{"href":"https:\/\/keluvo.com\/fi\/wp-json\/wp\/v2\/product\/10932","targetHints":{"allow":["GET"]}}],"collection":[{"href":"https:\/\/keluvo.com\/fi\/wp-json\/wp\/v2\/product"}],"about":[{"href":"https:\/\/keluvo.com\/fi\/wp-json\/wp\/v2\/types\/product"}],"replies":[{"embeddable":true,"href":"https:\/\/keluvo.com\/fi\/wp-json\/wp\/v2\/comments?post=10932"}],"wp:featuredmedia":[{"embeddable":true,"href":"https:\/\/keluvo.com\/fi\/wp-json\/wp\/v2\/media\/10928"}],"wp:attachment":[{"href":"https:\/\/keluvo.com\/fi\/wp-json\/wp\/v2\/media?parent=10932"}],"wp:term":[{"taxonomy":"product_brand","embeddable":true,"href":"https:\/\/keluvo.com\/fi\/wp-json\/wp\/v2\/product_brand?post=10932"},{"taxonomy":"product_cat","embeddable":true,"href":"https:\/\/keluvo.com\/fi\/wp-json\/wp\/v2\/product_cat?post=10932"},{"taxonomy":"product_tag","embeddable":true,"href":"https:\/\/keluvo.com\/fi\/wp-json\/wp\/v2\/product_tag?post=10932"}],"curies":[{"name":"wp","href":"https:\/\/api.w.org\/{rel}","templated":true}]}}