{"id":10917,"date":"2025-09-03T15:44:43","date_gmt":"2025-09-03T12:44:43","guid":{"rendered":"https:\/\/keluvo.com\/fi\/product\/puutarha-sisustus-valo\/"},"modified":"2025-09-13T13:28:38","modified_gmt":"2025-09-13T10:28:38","slug":"puutarha-sisustus-valo","status":"publish","type":"product","link":"https:\/\/keluvo.com\/fi\/product\/puutarha-sisustus-valo\/","title":{"rendered":"Puutarha sisustus valo"},"content":{"rendered":"<h2 style=\"text-align: center\" data-start=\"69\" data-end=\"112\">Muunna Puutarhasi Saduksi<\/h2>\n<p class=\"\" style=\"text-align: center\" data-start=\"139\" data-end=\"296\"><span class=\"relative -mx-px my-[-0.2rem] rounded px-px py-[0.2rem] transition-colors duration-100 ease-in-out\">Vie ripauksen taikaa ulkotiloihisi aurinkopurkkivalaisimella.<\/span> <span class=\"relative -mx-px my-[-0.2rem] rounded px-px py-[0.2rem] transition-colors duration-100 ease-in-out\">T\u00e4m\u00e4 vieh\u00e4tt\u00e4v\u00e4 lyhty k\u00e4ytt\u00e4\u00e4 aurinkoenergiaa l\u00e4mpimien LED-valojensa voimanl\u00e4hteen\u00e4, mik\u00e4 luo viihtyis\u00e4n ja kutsuvan ilmapiirin.<\/span> <span class=\"relative -mx-px my-[-0.2rem] rounded px-px py-[0.2rem] transition-colors duration-100 ease-in-out\">Se on suunniteltu muistuttamaan tulik\u00e4rp\u00e4sill\u00e4 t\u00e4ytetty\u00e4 purkkia, ja se lis\u00e4\u00e4 omituista tunnelmaa niin puutarhoihin, terasseille kuin leirint\u00e4alueillekin.<\/span><\/p>\n<p class=\"\" style=\"text-align: center\" data-start=\"139\" data-end=\"296\"><img decoding=\"async\" class=\"alignnone size-full wp-image-15220\" src=\"https:\/\/keluvo.com\/template\/wp-content\/uploads\/sites\/5\/2025\/04\/Sf37cf31ccdc64ca8a4d8d6bf2946fa4bJ.png\" alt=\"\" \/>\u200b<\/p>\n<h2 style=\"text-align: center\" data-start=\"303\" data-end=\"321\">\u2728 T\u00e4rkeimm\u00e4t Ominaisuudet<\/h2>\n<ul style=\"text-align: center\" data-start=\"323\" data-end=\"1206\">\n<li class=\"\" data-start=\"323\" data-end=\"436\">\n<p class=\"\" data-start=\"325\" data-end=\"436\">Aurinkoenergialla toimiva tehokkuus: <span class=\"relative -mx-px my-[-0.2rem] rounded px-px py-[0.2rem] transition-colors duration-100 ease-in-out\">Varustettu 2V 100mA aurinkopaneelilla ja 1,2V 600mAh AA NiMH-akulla, se latautuu p\u00e4iv\u00e4ll\u00e4 ja valaisee automaattisesti y\u00f6ll\u00e4, antaen 8-10 tuntia valoa 6-8 tunnin latauksen j\u00e4lkeen.<\/span>\u200b<\/p>\n<\/li>\n<li class=\"\" data-start=\"438\" data-end=\"643\">\n<p class=\"\" data-start=\"440\" data-end=\"643\">S\u00e4\u00e4nkest\u00e4v\u00e4 muotoilu: T\u00e4m\u00e4 lyhty on rakennettu kest\u00e4m\u00e4\u00e4n erilaisia s\u00e4\u00e4olosuhteita, mik\u00e4 takaa kest\u00e4vyyden ja pitk\u00e4ik\u00e4isyyden.\u200b<\/p>\n<\/li>\n<li class=\"\" data-start=\"645\" data-end=\"860\">\n<p class=\"\" data-start=\"647\" data-end=\"860\">Elegantti estetiikka: Tulik\u00e4rp\u00e4sen muotoiset LED-valot ja sadusta inspiroitunut muotoilu luovat kiehtovan visuaalisen vaikutelman, joka parantaa mink\u00e4 tahansa ulkoilman tunnelmaa.\u200b<\/p>\n<\/li>\n<li class=\"\" data-start=\"862\" data-end=\"1034\">\n<p class=\"\" data-start=\"864\" data-end=\"1034\">Helppo asennus: Ei vaadi johdotusta. Aseta se vain aurinkoiseen paikkaan latautumaan ja nauti automaattisesta valaistuksesta iltah\u00e4m\u00e4r\u00e4ss\u00e4.\u200b<\/p>\n<\/li>\n<li class=\"\" data-start=\"1036\" data-end=\"1206\">\n<p class=\"\" data-start=\"1038\" data-end=\"1206\">Monipuolinen k\u00e4ytt\u00f6: \u200b<\/p>\n<\/li>\n<\/ul>\n<p><img decoding=\"async\" class=\"size-full wp-image-15222 aligncenter\" src=\"https:\/\/keluvo.com\/template\/wp-content\/uploads\/sites\/5\/2025\/04\/S375575572f114a2197ff746dbe1a8962A-1.jpg\" alt=\"\" \/><\/p>\n<h2 style=\"text-align: center\" data-start=\"1213\" data-end=\"1235\">\ud83d\udce6 Mit\u00e4 Mukana Tulee<\/h2>\n<ul style=\"text-align: center\" data-start=\"1237\" data-end=\"1310\">\n<li class=\"\" data-start=\"1237\" data-end=\"1310\">\n<p class=\"\" data-start=\"1239\" data-end=\"1310\">1 x aurinko muuripurkkivalo\u200b<\/p>\n<\/li>\n<\/ul>\n<h2 style=\"text-align: center\" data-start=\"1317\" data-end=\"1327\">\u2753 Usein Kysytyt Kysymykset<\/h2>\n<p class=\"\" style=\"text-align: center\" data-start=\"1329\" data-end=\"1564\"><strong data-start=\"1329\" data-end=\"1366\">Miten Aurinkovalaisin Toimii?<\/strong><br data-start=\"1366\" data-end=\"1369\" \/>Sis\u00e4\u00e4nrakennettu valoanturi varmistaa, ett\u00e4 LED-valot syttyv\u00e4t automaattisesti h\u00e4m\u00e4r\u00e4n laskiessa ja sammuvat aamunkoitteessa, edellytt\u00e4en, ett\u00e4 kytkin on kytketty p\u00e4\u00e4lle asennuksen aikana.\u200b<\/p>\n<p class=\"\" style=\"text-align: center\" data-start=\"1566\" data-end=\"1796\"><strong data-start=\"1566\" data-end=\"1619\">Soveltuuko Valo Kaikkiin S\u00e4\u00e4olosuhteisiin?<\/strong><br data-start=\"1619\" data-end=\"1622\" \/>Kyll\u00e4, IP65-vedenpit\u00e4vyysluokituksen ansiosta se on suunniteltu toimimaan luotettavasti erilaisissa s\u00e4\u00e4olosuhteissa, my\u00f6s sateessa ja lumessa.\u200b<\/p>\n<p class=\"\" style=\"text-align: center\" data-start=\"1798\" data-end=\"2050\"><strong data-start=\"1798\" data-end=\"1847\">Voinko K\u00e4ytt\u00e4\u00e4 Sit\u00e4 Tapahtumissa Tai Erityistilaisuuksissa?<\/strong><br data-start=\"1847\" data-end=\"1850\" \/>Ehdottomasti! Sen ainutlaatuinen muotoilu ja l\u00e4mmin valaistus tekev\u00e4t siit\u00e4 erinomaisen valinnan maagisen s\u00e4v\u00e4yksen tuomiseen h\u00e4ihin, juhliin ja muihin ulkotilaisuuksiin.\u200b<\/p>\n<p class=\"\" style=\"text-align: center\" data-start=\"2052\" data-end=\"2299\"><strong data-start=\"2052\" data-end=\"2085\">Mit\u00e4 Huoltoa Tarvitaan?<\/strong><br data-start=\"2085\" data-end=\"2088\" \/>Huoltotarve on minimaalinen. Varmista, ett\u00e4 aurinkopaneeli on sijoitettu suoraan auringonvaloon optimaalisen latauksen varmistamiseksi, ja pyyhi se ajoittain puhtaaksi mahdollisten roskien tai lian poistamiseksi.\u200b<\/p>\n","protected":false},"excerpt":{"rendered":"<p>Muunna Puutarhasi Saduksi Vie ripauksen taikaa ulkotiloihisi aurinkopurkkivalaisimella. T\u00e4m\u00e4 vieh\u00e4tt\u00e4v\u00e4 lyhty k\u00e4ytt\u00e4\u00e4 aurinkoenergiaa l\u00e4mpimien LED-valojensa voimanl\u00e4hteen\u00e4, mik\u00e4 luo viihtyis\u00e4n ja [&hellip;]<\/p>\n","protected":false},"featured_media":10913,"comment_status":"open","ping_status":"closed","template":"","meta":{"site-sidebar-layout":"default","site-content-layout":"","ast-site-content-layout":"default","site-content-style":"default","site-sidebar-style":"default","ast-global-header-display":"","ast-banner-title-visibility":"","ast-main-header-display":"","ast-hfb-above-header-display":"","ast-hfb-below-header-display":"","ast-hfb-mobile-header-display":"","site-post-title":"","ast-breadcrumbs-content":"","ast-featured-img":"","footer-sml-layout":"","theme-transparent-header-meta":"default","adv-header-id-meta":"","stick-header-meta":"","header-above-stick-meta":"","header-main-stick-meta":"","header-below-stick-meta":"","astra-migrate-meta-layouts":"set","ast-page-background-enabled":"default","ast-page-background-meta":{"desktop":{"background-color":"var(--ast-global-color-4)","background-image":"","background-repeat":"repeat","background-position":"center center","background-size":"auto","background-attachment":"scroll","background-type":"","background-media":"","overlay-type":"","overlay-color":"","overlay-opacity":"","overlay-gradient":""},"tablet":{"background-color":"","background-image":"","background-repeat":"repeat","background-position":"center center","background-size":"auto","background-attachment":"scroll","background-type":"","background-media":"","overlay-type":"","overlay-color":"","overlay-opacity":"","overlay-gradient":""},"mobile":{"background-color":"","background-image":"","background-repeat":"repeat","background-position":"center center","background-size":"auto","background-attachment":"scroll","background-type":"","background-media":"","overlay-type":"","overlay-color":"","overlay-opacity":"","overlay-gradient":""}},"ast-content-background-meta":{"desktop":{"background-color":"var(--ast-global-color-5)","background-image":"","background-repeat":"repeat","background-position":"center center","background-size":"auto","background-attachment":"scroll","background-type":"","background-media":"","overlay-type":"","overlay-color":"","overlay-opacity":"","overlay-gradient":""},"tablet":{"background-color":"var(--ast-global-color-5)","background-image":"","background-repeat":"repeat","background-position":"center center","background-size":"auto","background-attachment":"scroll","background-type":"","background-media":"","overlay-type":"","overlay-color":"","overlay-opacity":"","overlay-gradient":""},"mobile":{"background-color":"var(--ast-global-color-5)","background-image":"","background-repeat":"repeat","background-position":"center center","background-size":"auto","background-attachment":"scroll","background-type":"","background-media":"","overlay-type":"","overlay-color":"","overlay-opacity":"","overlay-gradient":""}}},"product_brand":[],"product_cat":[15],"product_tag":[],"class_list":{"0":"post-10917","1":"product","2":"type-product","3":"status-publish","4":"has-post-thumbnail","6":"product_cat-uncategorized","7":"pa_48080_cqjr9r1b-1-kpl","8":"pa_48080_cqjr9r1b-2-kpl","9":"pa_48080_cqjr9r1b-4-kpl","10":"desktop-align-left","11":"tablet-align-left","12":"mobile-align-left","14":"first","15":"instock","16":"shipping-taxable","17":"purchasable","18":"product-type-variable"},"_links":{"self":[{"href":"https:\/\/keluvo.com\/fi\/wp-json\/wp\/v2\/product\/10917","targetHints":{"allow":["GET"]}}],"collection":[{"href":"https:\/\/keluvo.com\/fi\/wp-json\/wp\/v2\/product"}],"about":[{"href":"https:\/\/keluvo.com\/fi\/wp-json\/wp\/v2\/types\/product"}],"replies":[{"embeddable":true,"href":"https:\/\/keluvo.com\/fi\/wp-json\/wp\/v2\/comments?post=10917"}],"wp:featuredmedia":[{"embeddable":true,"href":"https:\/\/keluvo.com\/fi\/wp-json\/wp\/v2\/media\/10913"}],"wp:attachment":[{"href":"https:\/\/keluvo.com\/fi\/wp-json\/wp\/v2\/media?parent=10917"}],"wp:term":[{"taxonomy":"product_brand","embeddable":true,"href":"https:\/\/keluvo.com\/fi\/wp-json\/wp\/v2\/product_brand?post=10917"},{"taxonomy":"product_cat","embeddable":true,"href":"https:\/\/keluvo.com\/fi\/wp-json\/wp\/v2\/product_cat?post=10917"},{"taxonomy":"product_tag","embeddable":true,"href":"https:\/\/keluvo.com\/fi\/wp-json\/wp\/v2\/product_tag?post=10917"}],"curies":[{"name":"wp","href":"https:\/\/api.w.org\/{rel}","templated":true}]}}