{"id":10665,"date":"2025-08-28T06:14:05","date_gmt":"2025-08-28T03:14:05","guid":{"rendered":"https:\/\/keluvo.com\/fi\/product\/hiustenpoistosuihke-3\/"},"modified":"2025-09-13T13:26:38","modified_gmt":"2025-09-13T10:26:38","slug":"hiustenpoistosuihke-3","status":"publish","type":"product","link":"https:\/\/keluvo.com\/fi\/product\/hiustenpoistosuihke-3\/","title":{"rendered":"Hiustenpoistosuihke"},"content":{"rendered":"<h2 style=\"text-align: center\">Pehme\u00e4 Ja Kivuton Poisto<\/h2>\n<p style=\"text-align: center\">Kivuton karvanpoistosuihke tarjoaa vaivattoman ratkaisun ei-toivottujen hiusten poistoon ilman ep\u00e4mukavuutta. Sen hell\u00e4varainen koostumus toimii muutamassa minuutissa, jolloin iho tuntuu sile\u00e4lt\u00e4 ja karvattomalta ilman \u00e4rsytyst\u00e4. T\u00e4m\u00e4 suihke sopii ihanteellisesti herkille alueille, kuten kainaloihin, s\u00e4\u00e4riin ja k\u00e4sivarsiin.<\/p>\n<p><img fetchpriority=\"high\" decoding=\"async\" width=\"1000\" height=\"1000\" class=\"alignnone size-medium wp-image-2320 aligncenter\" src=\"https:\/\/keluvo.com\/template\/wp-content\/uploads\/sites\/5\/2024\/10\/84ebb731-723c-485a-b2b1-c8ca524b92c9.webp\" alt=\"\" srcset=\"https:\/\/keluvo.com\/fi\/wp-content\/uploads\/sites\/11\/2024\/10\/84ebb731-723c-485a-b2b1-c8ca524b92c9.webp 1000w, https:\/\/keluvo.com\/fi\/wp-content\/uploads\/sites\/11\/2024\/10\/84ebb731-723c-485a-b2b1-c8ca524b92c9-300x300.webp 300w, https:\/\/keluvo.com\/fi\/wp-content\/uploads\/sites\/11\/2024\/10\/84ebb731-723c-485a-b2b1-c8ca524b92c9-150x150.webp 150w, https:\/\/keluvo.com\/fi\/wp-content\/uploads\/sites\/11\/2024\/10\/84ebb731-723c-485a-b2b1-c8ca524b92c9-768x768.webp 768w, https:\/\/keluvo.com\/fi\/wp-content\/uploads\/sites\/11\/2024\/10\/84ebb731-723c-485a-b2b1-c8ca524b92c9-600x600.webp 600w, https:\/\/keluvo.com\/fi\/wp-content\/uploads\/sites\/11\/2024\/10\/84ebb731-723c-485a-b2b1-c8ca524b92c9-100x100.webp 100w, https:\/\/keluvo.com\/fi\/wp-content\/uploads\/sites\/11\/2024\/10\/84ebb731-723c-485a-b2b1-c8ca524b92c9-50x50.webp 50w\" sizes=\"(max-width: 1000px) 100vw, 1000px\" \/><\/p>\n<h2 style=\"text-align: center\">Pitk\u00e4kestoinen Sileys<\/h2>\n<p style=\"text-align: center\">Kivuttoman karvanpoistosuihkeen s\u00e4\u00e4nn\u00f6llinen k\u00e4ytt\u00f6 voi auttaa hidastamaan karvojen uusiutumista, jolloin saat pidemp\u00e4\u00e4n kest\u00e4v\u00e4n, sile\u00e4n ihon. Jatkuva k\u00e4ytt\u00f6 voi jopa auttaa v\u00e4hent\u00e4m\u00e4\u00e4n karvojen ulkon\u00e4k\u00f6\u00e4 ajan my\u00f6t\u00e4, joten se on k\u00e4tev\u00e4 valinta ymp\u00e4rivuotiseen sileyteen.<\/p>\n<p><img decoding=\"async\" width=\"1000\" height=\"1000\" class=\"alignnone size-medium wp-image-2322 aligncenter\" src=\"https:\/\/keluvo.com\/template\/wp-content\/uploads\/sites\/5\/2024\/10\/173313bb-103b-47e1-a0cb-d9abb4f924e8.webp\" alt=\"\" srcset=\"https:\/\/keluvo.com\/fi\/wp-content\/uploads\/sites\/11\/2024\/10\/173313bb-103b-47e1-a0cb-d9abb4f924e8.webp 1000w, https:\/\/keluvo.com\/fi\/wp-content\/uploads\/sites\/11\/2024\/10\/173313bb-103b-47e1-a0cb-d9abb4f924e8-300x300.webp 300w, https:\/\/keluvo.com\/fi\/wp-content\/uploads\/sites\/11\/2024\/10\/173313bb-103b-47e1-a0cb-d9abb4f924e8-150x150.webp 150w, https:\/\/keluvo.com\/fi\/wp-content\/uploads\/sites\/11\/2024\/10\/173313bb-103b-47e1-a0cb-d9abb4f924e8-768x768.webp 768w, https:\/\/keluvo.com\/fi\/wp-content\/uploads\/sites\/11\/2024\/10\/173313bb-103b-47e1-a0cb-d9abb4f924e8-600x600.webp 600w, https:\/\/keluvo.com\/fi\/wp-content\/uploads\/sites\/11\/2024\/10\/173313bb-103b-47e1-a0cb-d9abb4f924e8-100x100.webp 100w, https:\/\/keluvo.com\/fi\/wp-content\/uploads\/sites\/11\/2024\/10\/173313bb-103b-47e1-a0cb-d9abb4f924e8-50x50.webp 50w\" sizes=\"(max-width: 1000px) 100vw, 1000px\" \/><\/p>\n","protected":false},"excerpt":{"rendered":"<p>Pehme\u00e4 Ja Kivuton Poisto Kivuton karvanpoistosuihke tarjoaa vaivattoman ratkaisun ei-toivottujen hiusten poistoon ilman ep\u00e4mukavuutta. Sen hell\u00e4varainen koostumus toimii muutamassa minuutissa, [&hellip;]<\/p>\n","protected":false},"featured_media":10661,"comment_status":"open","ping_status":"closed","template":"","meta":{"site-sidebar-layout":"default","site-content-layout":"","ast-site-content-layout":"default","site-content-style":"default","site-sidebar-style":"default","ast-global-header-display":"","ast-banner-title-visibility":"","ast-main-header-display":"","ast-hfb-above-header-display":"","ast-hfb-below-header-display":"","ast-hfb-mobile-header-display":"","site-post-title":"","ast-breadcrumbs-content":"","ast-featured-img":"","footer-sml-layout":"","theme-transparent-header-meta":"default","adv-header-id-meta":"","stick-header-meta":"","header-above-stick-meta":"","header-main-stick-meta":"","header-below-stick-meta":"","astra-migrate-meta-layouts":"set","ast-page-background-enabled":"default","ast-page-background-meta":{"desktop":{"background-color":"var(--ast-global-color-4)","background-image":"","background-repeat":"repeat","background-position":"center center","background-size":"auto","background-attachment":"scroll","background-type":"","background-media":"","overlay-type":"","overlay-color":"","overlay-opacity":"","overlay-gradient":""},"tablet":{"background-color":"","background-image":"","background-repeat":"repeat","background-position":"center center","background-size":"auto","background-attachment":"scroll","background-type":"","background-media":"","overlay-type":"","overlay-color":"","overlay-opacity":"","overlay-gradient":""},"mobile":{"background-color":"","background-image":"","background-repeat":"repeat","background-position":"center center","background-size":"auto","background-attachment":"scroll","background-type":"","background-media":"","overlay-type":"","overlay-color":"","overlay-opacity":"","overlay-gradient":""}},"ast-content-background-meta":{"desktop":{"background-color":"var(--ast-global-color-5)","background-image":"","background-repeat":"repeat","background-position":"center center","background-size":"auto","background-attachment":"scroll","background-type":"","background-media":"","overlay-type":"","overlay-color":"","overlay-opacity":"","overlay-gradient":""},"tablet":{"background-color":"var(--ast-global-color-5)","background-image":"","background-repeat":"repeat","background-position":"center center","background-size":"auto","background-attachment":"scroll","background-type":"","background-media":"","overlay-type":"","overlay-color":"","overlay-opacity":"","overlay-gradient":""},"mobile":{"background-color":"var(--ast-global-color-5)","background-image":"","background-repeat":"repeat","background-position":"center center","background-size":"auto","background-attachment":"scroll","background-type":"","background-media":"","overlay-type":"","overlay-color":"","overlay-opacity":"","overlay-gradient":""}}},"product_brand":[],"product_cat":[992],"product_tag":[],"class_list":{"0":"post-10665","1":"product","2":"type-product","3":"status-publish","4":"has-post-thumbnail","6":"product_cat-beauty-and-hygiene-products","7":"pa_19245_1cgb1hhh-1-kpl","8":"pa_19245_1cgb1hhh-2-kpl","9":"pa_19245_1cgb1hhh-4-kpl","10":"pa_19245_ei9a14uh-mies","11":"pa_19245_ei9a14uh-nainen","12":"desktop-align-left","13":"tablet-align-left","14":"mobile-align-left","16":"first","17":"instock","18":"shipping-taxable","19":"purchasable","20":"product-type-variable","21":"has-default-attributes"},"_links":{"self":[{"href":"https:\/\/keluvo.com\/fi\/wp-json\/wp\/v2\/product\/10665","targetHints":{"allow":["GET"]}}],"collection":[{"href":"https:\/\/keluvo.com\/fi\/wp-json\/wp\/v2\/product"}],"about":[{"href":"https:\/\/keluvo.com\/fi\/wp-json\/wp\/v2\/types\/product"}],"replies":[{"embeddable":true,"href":"https:\/\/keluvo.com\/fi\/wp-json\/wp\/v2\/comments?post=10665"}],"wp:featuredmedia":[{"embeddable":true,"href":"https:\/\/keluvo.com\/fi\/wp-json\/wp\/v2\/media\/10661"}],"wp:attachment":[{"href":"https:\/\/keluvo.com\/fi\/wp-json\/wp\/v2\/media?parent=10665"}],"wp:term":[{"taxonomy":"product_brand","embeddable":true,"href":"https:\/\/keluvo.com\/fi\/wp-json\/wp\/v2\/product_brand?post=10665"},{"taxonomy":"product_cat","embeddable":true,"href":"https:\/\/keluvo.com\/fi\/wp-json\/wp\/v2\/product_cat?post=10665"},{"taxonomy":"product_tag","embeddable":true,"href":"https:\/\/keluvo.com\/fi\/wp-json\/wp\/v2\/product_tag?post=10665"}],"curies":[{"name":"wp","href":"https:\/\/api.w.org\/{rel}","templated":true}]}}