{"id":10377,"date":"2025-08-19T18:40:35","date_gmt":"2025-08-19T15:40:35","guid":{"rendered":"https:\/\/keluvo.com\/fi\/product\/kaulakoru\/"},"modified":"2025-08-19T18:40:42","modified_gmt":"2025-08-19T15:40:42","slug":"kaulakoru","status":"publish","type":"product","link":"https:\/\/keluvo.com\/fi\/product\/kaulakoru\/","title":{"rendered":"Kaulakoru"},"content":{"rendered":"<p style=\"text-align: center\" data-start=\"101\" data-end=\"145\"><strong>Syd\u00e4mellinen Lahja, Joka Kertoo Kaiken \ud83d\udc99\ud83d\udc8e<\/strong><\/p>\n<p style=\"text-align: center\" data-start=\"146\" data-end=\"354\">N\u00e4yt\u00e4 \u00e4idillesi, kuinka paljon h\u00e4n merkitsee sinulle t\u00e4ll\u00e4 kauniilla kaulakorulla ja koskettavalla viestikortilla. Joka kerta, kun h\u00e4n pit\u00e4\u00e4 sit\u00e4 yll\u00e4\u00e4n, h\u00e4n saa muistutuksen rakkaudestasi, arvostuksestasi ja rikkoutumattomasta siteest\u00e4, jonka jaatte. T\u00e4ydellinen \u00e4itienp\u00e4iv\u00e4ksi, syntym\u00e4p\u00e4iville tai vain siksi, ett\u00e4.<\/p>\n<p data-start=\"146\" data-end=\"354\"><img decoding=\"async\" class=\"size-full wp-image-31194 aligncenter\" src=\"https:\/\/keluvo.com\/template\/wp-content\/uploads\/sites\/5\/2025\/08\/asset_4365_transformation_13901_be1dc3c2-0d01-4ee0-8221-547786da17a1.jpg\" alt=\"\" \/><\/p>\n<h2 style=\"text-align: center\" data-start=\"416\" data-end=\"438\">\ud83d\udca5 T\u00e4rkeimm\u00e4t Edut<\/h2>\n<p data-start=\"441\" data-end=\"499\">\ud83d\udc99 Mukana tunteellinen viestikortti pojalta \u00e4idille<\/p>\n<p data-start=\"502\" data-end=\"551\">\u2728 Tyylik\u00e4s riipus, jossa on kimaltelevia kuutiokivi\u00e4<\/p>\n<p data-start=\"554\" data-end=\"596\">\ud83c\udf81 Lahjavalmis ylellisess\u00e4 korulaatikossa<\/p>\n<p data-start=\"599\" data-end=\"640\">\ud83e\uddf5 S\u00e4\u00e4dett\u00e4v\u00e4 ketju t\u00e4ydellisen istuvuuden takaamiseksi<\/p>\n<p data-start=\"643\" data-end=\"692\">\ud83d\udc96 Ajaton muistoesine, jota h\u00e4n voi vaalia ikuisesti<\/p>\n<p data-start=\"643\" data-end=\"692\"><img decoding=\"async\" class=\"size-full wp-image-31197 aligncenter\" src=\"https:\/\/keluvo.com\/template\/wp-content\/uploads\/sites\/5\/2025\/08\/asset_4365_transformation_12718_4e660542-12dd-4707-8421-197a2ddde112.webp\" alt=\"\" \/><\/p>\n<h2 style=\"text-align: center\" data-start=\"699\" data-end=\"718\">\ud83e\uddfc K\u00e4ytt\u00f6<\/h2>\n<ol data-start=\"719\" data-end=\"900\">\n<li data-start=\"719\" data-end=\"790\">\n<p data-start=\"722\" data-end=\"790\">Tarjoa se \u00e4idille yll\u00e4tyksen\u00e4 tai erityisess\u00e4 tilanteessa.<\/p>\n<\/li>\n<li data-start=\"791\" data-end=\"835\">\n<p data-start=\"794\" data-end=\"835\">S\u00e4\u00e4d\u00e4 ketju sopivaksi.<\/p>\n<\/li>\n<li data-start=\"836\" data-end=\"900\">\n<p data-start=\"839\" data-end=\"900\">S\u00e4ilyt\u00e4 korurasiassa, kun sit\u00e4 ei k\u00e4ytet\u00e4, jotta se s\u00e4ilyy kiilt\u00e4v\u00e4n\u00e4.<\/p>\n<\/li>\n<\/ol>\n<h2 style=\"text-align: center\" data-start=\"907\" data-end=\"931\">\ud83d\udccf Tuotetiedot<\/h2>\n<ul data-start=\"932\" data-end=\"1136\">\n<li data-start=\"932\" data-end=\"971\">\n<p data-start=\"934\" data-end=\"971\">Ripustimen koko: Noin 2 cm<\/p>\n<\/li>\n<li data-start=\"972\" data-end=\"1020\">\n<p data-start=\"974\" data-end=\"1020\">Ketjun pituus: 45.72 cm &#8211; 55.88 cm<\/p>\n<\/li>\n<li data-start=\"1021\" data-end=\"1090\">\n<p data-start=\"1023\" data-end=\"1090\">Materiaali: Laadukas ruostumaton ter\u00e4s, jossa on kuutiomaisia zirkoniakivi\u00e4<\/p>\n<\/li>\n<li data-start=\"1091\" data-end=\"1136\">\n<p data-start=\"1093\" data-end=\"1136\">P\u00e4\u00e4llystys: 1: Lahjapakkaus + painettu viestikortti<\/p>\n<\/li>\n<\/ul>\n<h2 style=\"text-align: center\" data-start=\"1143\" data-end=\"1168\">\ud83d\udce6 Pakkaus Sis\u00e4lt\u00e4\u00e4<\/h2>\n<ul data-start=\"1169\" data-end=\"1260\">\n<li data-start=\"1169\" data-end=\"1197\">\n<p data-start=\"1171\" data-end=\"1197\">1x kaulakoru riipuksella<\/p>\n<\/li>\n<li data-start=\"1198\" data-end=\"1237\">\n<p data-start=\"1200\" data-end=\"1237\">1x viestikortti: &#8221;\u00c4idilleni&#8221; design<\/p>\n<\/li>\n<li data-start=\"1238\" data-end=\"1260\">\n<p data-start=\"1240\" data-end=\"1260\">1x lahjapakkaus.<\/p>\n<\/li>\n<\/ul>\n","protected":false},"excerpt":{"rendered":"<p>Syd\u00e4mellinen Lahja, Joka Kertoo Kaiken \ud83d\udc99\ud83d\udc8e N\u00e4yt\u00e4 \u00e4idillesi, kuinka paljon h\u00e4n merkitsee sinulle t\u00e4ll\u00e4 kauniilla kaulakorulla ja koskettavalla viestikortilla. Joka [&hellip;]<\/p>\n","protected":false},"featured_media":10373,"comment_status":"open","ping_status":"closed","template":"","meta":{"site-sidebar-layout":"default","site-content-layout":"","ast-site-content-layout":"default","site-content-style":"default","site-sidebar-style":"default","ast-global-header-display":"","ast-banner-title-visibility":"","ast-main-header-display":"","ast-hfb-above-header-display":"","ast-hfb-below-header-display":"","ast-hfb-mobile-header-display":"","site-post-title":"","ast-breadcrumbs-content":"","ast-featured-img":"","footer-sml-layout":"","theme-transparent-header-meta":"default","adv-header-id-meta":"","stick-header-meta":"","header-above-stick-meta":"","header-main-stick-meta":"","header-below-stick-meta":"","astra-migrate-meta-layouts":"set","ast-page-background-enabled":"default","ast-page-background-meta":{"desktop":{"background-color":"var(--ast-global-color-4)","background-image":"","background-repeat":"repeat","background-position":"center center","background-size":"auto","background-attachment":"scroll","background-type":"","background-media":"","overlay-type":"","overlay-color":"","overlay-opacity":"","overlay-gradient":""},"tablet":{"background-color":"","background-image":"","background-repeat":"repeat","background-position":"center center","background-size":"auto","background-attachment":"scroll","background-type":"","background-media":"","overlay-type":"","overlay-color":"","overlay-opacity":"","overlay-gradient":""},"mobile":{"background-color":"","background-image":"","background-repeat":"repeat","background-position":"center center","background-size":"auto","background-attachment":"scroll","background-type":"","background-media":"","overlay-type":"","overlay-color":"","overlay-opacity":"","overlay-gradient":""}},"ast-content-background-meta":{"desktop":{"background-color":"var(--ast-global-color-5)","background-image":"","background-repeat":"repeat","background-position":"center center","background-size":"auto","background-attachment":"scroll","background-type":"","background-media":"","overlay-type":"","overlay-color":"","overlay-opacity":"","overlay-gradient":""},"tablet":{"background-color":"var(--ast-global-color-5)","background-image":"","background-repeat":"repeat","background-position":"center center","background-size":"auto","background-attachment":"scroll","background-type":"","background-media":"","overlay-type":"","overlay-color":"","overlay-opacity":"","overlay-gradient":""},"mobile":{"background-color":"var(--ast-global-color-5)","background-image":"","background-repeat":"repeat","background-position":"center center","background-size":"auto","background-attachment":"scroll","background-type":"","background-media":"","overlay-type":"","overlay-color":"","overlay-opacity":"","overlay-gradient":""}}},"product_brand":[],"product_cat":[993],"product_tag":[],"class_list":{"0":"post-10377","1":"product","2":"type-product","3":"status-publish","4":"has-post-thumbnail","6":"product_cat-footwear-accessories","7":"pa_48258_r2h0w3z6-hopea","8":"pa_48258_r2h0w3z6-kulta","9":"desktop-align-left","10":"tablet-align-left","11":"mobile-align-left","13":"first","14":"instock","15":"shipping-taxable","16":"purchasable","17":"product-type-variable"},"_links":{"self":[{"href":"https:\/\/keluvo.com\/fi\/wp-json\/wp\/v2\/product\/10377","targetHints":{"allow":["GET"]}}],"collection":[{"href":"https:\/\/keluvo.com\/fi\/wp-json\/wp\/v2\/product"}],"about":[{"href":"https:\/\/keluvo.com\/fi\/wp-json\/wp\/v2\/types\/product"}],"replies":[{"embeddable":true,"href":"https:\/\/keluvo.com\/fi\/wp-json\/wp\/v2\/comments?post=10377"}],"wp:featuredmedia":[{"embeddable":true,"href":"https:\/\/keluvo.com\/fi\/wp-json\/wp\/v2\/media\/10373"}],"wp:attachment":[{"href":"https:\/\/keluvo.com\/fi\/wp-json\/wp\/v2\/media?parent=10377"}],"wp:term":[{"taxonomy":"product_brand","embeddable":true,"href":"https:\/\/keluvo.com\/fi\/wp-json\/wp\/v2\/product_brand?post=10377"},{"taxonomy":"product_cat","embeddable":true,"href":"https:\/\/keluvo.com\/fi\/wp-json\/wp\/v2\/product_cat?post=10377"},{"taxonomy":"product_tag","embeddable":true,"href":"https:\/\/keluvo.com\/fi\/wp-json\/wp\/v2\/product_tag?post=10377"}],"curies":[{"name":"wp","href":"https:\/\/api.w.org\/{rel}","templated":true}]}}