{"id":10282,"date":"2025-08-19T18:36:08","date_gmt":"2025-08-19T15:36:08","guid":{"rendered":"https:\/\/keluvo.com\/fi\/product\/perhonen-kokoelma\/"},"modified":"2025-08-19T18:36:17","modified_gmt":"2025-08-19T15:36:17","slug":"perhonen-kokoelma","status":"publish","type":"product","link":"https:\/\/keluvo.com\/fi\/product\/perhonen-kokoelma\/","title":{"rendered":"Perhonen kokoelma"},"content":{"rendered":"<p style=\"text-align: center\" data-start=\"107\" data-end=\"148\"><strong>Kuljeta Ripaus Taikaa Mukanasi \ud83e\udd8b\u2728<\/strong><\/p>\n<p style=\"text-align: center\" data-start=\"149\" data-end=\"410\">T\u00e4m\u00e4 <span data-sheets-root=\"1\">perhosmallisto<\/span> on enemm\u00e4n kuin pelkk\u00e4 koru &#8211; se on taideteos, joka hehkuu pehme\u00e4sti pime\u00e4ss\u00e4 ja tuo unenomaista charmia tyyliisi.<span style=\"font-size: 16px\">\u00a0<\/span><span style=\"font-size: 16px\">T\u00e4ydellinen romanttisiin iltoihin, erityistilaisuuksiin tai yksinkertaisesti tekem\u00e4\u00e4n jokap\u00e4iv\u00e4isest\u00e4 asustasi unohtumattoman.<\/span><\/p>\n<p data-start=\"149\" data-end=\"410\"><img decoding=\"async\" class=\"size-full wp-image-31086 aligncenter\" src=\"https:\/\/keluvo.com\/template\/wp-content\/uploads\/sites\/5\/2025\/08\/20250729_2146_Glowing_Butterfly_Necklace_remix_01k1bqwd4we1tvw6ykkdz8ndp6.webp\" alt=\"\" \/><\/p>\n<h2 style=\"text-align: center\" data-start=\"521\" data-end=\"543\"><strong>T\u00e4rkeimm\u00e4t Edut<\/strong><\/h2>\n<p data-start=\"546\" data-end=\"606\">\ud83e\udd8b Ainutlaatuinen perhosmuotoilu, jossa on pime\u00e4ss\u00e4 hehkuva vaikutus<\/p>\n<p data-start=\"609\" data-end=\"667\">\u2728 Tyylik\u00e4s ja monipuolinen sek\u00e4 rentoihin ett\u00e4 virallisiin lookkeihin<\/p>\n<p data-start=\"609\" data-end=\"667\">\ud83c\udf19 Imee valoa p\u00e4iv\u00e4ll\u00e4 hehkuttaakseen kauniisti y\u00f6ll\u00e4<\/p>\n<p data-start=\"670\" data-end=\"732\">\ud83d\udc8e Kevyt ja mukava k\u00e4ytt\u00e4\u00e4 koko p\u00e4iv\u00e4n<\/p>\n<p data-start=\"786\" data-end=\"823\">\ud83c\udf81 T\u00e4ydellinen lahja jollekulle erityiselle<\/p>\n<p data-start=\"786\" data-end=\"823\"><img decoding=\"async\" class=\"size-full wp-image-31085 aligncenter\" src=\"https:\/\/keluvo.com\/template\/wp-content\/uploads\/sites\/5\/2025\/08\/WhatsApp_Image_2025-01-16_at_11.59.51.webp\" alt=\"\" \/><\/p>\n<h2 style=\"text-align: center\" data-start=\"830\" data-end=\"849\"><strong>K\u00e4ytt\u00f6<\/strong><\/h2>\n<ol data-start=\"850\" data-end=\"1074\">\n<li data-start=\"850\" data-end=\"929\">\n<p data-start=\"853\" data-end=\"929\">Pue korua p\u00e4iv\u00e4ll\u00e4, jotta se voi ime\u00e4 luonnollista tai keinovaloa.<\/p>\n<\/li>\n<li data-start=\"930\" data-end=\"977\">\n<p data-start=\"933\" data-end=\"977\">Nauti maagisesta hehkuvaikutuksesta pime\u00e4ss\u00e4.<\/p>\n<\/li>\n<li data-start=\"978\" data-end=\"1037\">\n<p data-start=\"981\" data-end=\"1037\">S\u00e4ilyt\u00e4 korurasiassa, jotta se pysyy suojassa naarmuilta.<\/p>\n<\/li>\n<li data-start=\"1038\" data-end=\"1074\">\n<p data-start=\"1041\" data-end=\"1074\">Puhdista varovasti pehme\u00e4ll\u00e4 liinalla.<\/p>\n<\/li>\n<\/ol>\n<h2 style=\"text-align: center\" data-start=\"1081\" data-end=\"1105\"><strong>Tuotetiedot<\/strong><\/h2>\n<ul data-start=\"1106\" data-end=\"1347\">\n<li data-start=\"1106\" data-end=\"1160\">\n<p data-start=\"1108\" data-end=\"1160\">Materiaali: Laadukas metalliseos, jossa on valaiseva pinnoite<\/p>\n<\/li>\n<li data-start=\"1161\" data-end=\"1207\">\n<p data-start=\"1163\" data-end=\"1207\">Ketjun pituus: S\u00e4\u00e4dett\u00e4v\u00e4 t\u00e4ydellisen istuvuuden saavuttamiseksi<\/p>\n<\/li>\n<li data-start=\"1243\" data-end=\"1293\">\n<p data-start=\"1245\" data-end=\"1293\">V\u00e4rit: Hopeaketju vaaleansinisell\u00e4 perhosella<\/p>\n<\/li>\n<li data-start=\"1294\" data-end=\"1347\">\n<p data-start=\"1296\" data-end=\"1347\">Valon kesto: Useita tunteja valoaltistuksen j\u00e4lkeen<\/p>\n<\/li>\n<\/ul>\n<h2 style=\"text-align: center\" data-start=\"1354\" data-end=\"1379\"><strong>Pakkaus Sis\u00e4lt\u00e4\u00e4<\/strong><\/h2>\n<ul data-start=\"1380\" data-end=\"1433\">\n<li data-start=\"1380\" data-end=\"1414\">\n<p data-start=\"1382\" data-end=\"1414\">1x perhonen kaulakoru\/rannekoru\/sormus tai korvakorut.<\/p>\n<\/li>\n<li data-start=\"1415\" data-end=\"1433\">\n<p data-start=\"1417\" data-end=\"1433\">1x korurasia.<\/p>\n<\/li>\n<\/ul>\n","protected":false},"excerpt":{"rendered":"<p>Kuljeta Ripaus Taikaa Mukanasi \ud83e\udd8b\u2728 T\u00e4m\u00e4 perhosmallisto on enemm\u00e4n kuin pelkk\u00e4 koru &#8211; se on taideteos, joka hehkuu pehme\u00e4sti pime\u00e4ss\u00e4 [&hellip;]<\/p>\n","protected":false},"featured_media":10278,"comment_status":"open","ping_status":"closed","template":"","meta":{"site-sidebar-layout":"default","site-content-layout":"","ast-site-content-layout":"default","site-content-style":"default","site-sidebar-style":"default","ast-global-header-display":"","ast-banner-title-visibility":"","ast-main-header-display":"","ast-hfb-above-header-display":"","ast-hfb-below-header-display":"","ast-hfb-mobile-header-display":"","site-post-title":"","ast-breadcrumbs-content":"","ast-featured-img":"","footer-sml-layout":"","theme-transparent-header-meta":"default","adv-header-id-meta":"","stick-header-meta":"","header-above-stick-meta":"","header-main-stick-meta":"","header-below-stick-meta":"","astra-migrate-meta-layouts":"set","ast-page-background-enabled":"default","ast-page-background-meta":{"desktop":{"background-color":"var(--ast-global-color-4)","background-image":"","background-repeat":"repeat","background-position":"center center","background-size":"auto","background-attachment":"scroll","background-type":"","background-media":"","overlay-type":"","overlay-color":"","overlay-opacity":"","overlay-gradient":""},"tablet":{"background-color":"","background-image":"","background-repeat":"repeat","background-position":"center center","background-size":"auto","background-attachment":"scroll","background-type":"","background-media":"","overlay-type":"","overlay-color":"","overlay-opacity":"","overlay-gradient":""},"mobile":{"background-color":"","background-image":"","background-repeat":"repeat","background-position":"center center","background-size":"auto","background-attachment":"scroll","background-type":"","background-media":"","overlay-type":"","overlay-color":"","overlay-opacity":"","overlay-gradient":""}},"ast-content-background-meta":{"desktop":{"background-color":"var(--ast-global-color-5)","background-image":"","background-repeat":"repeat","background-position":"center center","background-size":"auto","background-attachment":"scroll","background-type":"","background-media":"","overlay-type":"","overlay-color":"","overlay-opacity":"","overlay-gradient":""},"tablet":{"background-color":"var(--ast-global-color-5)","background-image":"","background-repeat":"repeat","background-position":"center center","background-size":"auto","background-attachment":"scroll","background-type":"","background-media":"","overlay-type":"","overlay-color":"","overlay-opacity":"","overlay-gradient":""},"mobile":{"background-color":"var(--ast-global-color-5)","background-image":"","background-repeat":"repeat","background-position":"center center","background-size":"auto","background-attachment":"scroll","background-type":"","background-media":"","overlay-type":"","overlay-color":"","overlay-opacity":"","overlay-gradient":""}}},"product_brand":[],"product_cat":[993],"product_tag":[],"class_list":{"0":"post-10282","1":"product","2":"type-product","3":"status-publish","4":"has-post-thumbnail","6":"product_cat-footwear-accessories","7":"pa_48255_5tvpvqzs-kaulakoru","8":"pa_48255_5tvpvqzs-korvarenkaat","9":"pa_48255_5tvpvqzs-rannekoru","10":"pa_48255_5tvpvqzs-sormus","11":"desktop-align-left","12":"tablet-align-left","13":"mobile-align-left","15":"first","16":"instock","17":"shipping-taxable","18":"purchasable","19":"product-type-variable"},"_links":{"self":[{"href":"https:\/\/keluvo.com\/fi\/wp-json\/wp\/v2\/product\/10282","targetHints":{"allow":["GET"]}}],"collection":[{"href":"https:\/\/keluvo.com\/fi\/wp-json\/wp\/v2\/product"}],"about":[{"href":"https:\/\/keluvo.com\/fi\/wp-json\/wp\/v2\/types\/product"}],"replies":[{"embeddable":true,"href":"https:\/\/keluvo.com\/fi\/wp-json\/wp\/v2\/comments?post=10282"}],"wp:featuredmedia":[{"embeddable":true,"href":"https:\/\/keluvo.com\/fi\/wp-json\/wp\/v2\/media\/10278"}],"wp:attachment":[{"href":"https:\/\/keluvo.com\/fi\/wp-json\/wp\/v2\/media?parent=10282"}],"wp:term":[{"taxonomy":"product_brand","embeddable":true,"href":"https:\/\/keluvo.com\/fi\/wp-json\/wp\/v2\/product_brand?post=10282"},{"taxonomy":"product_cat","embeddable":true,"href":"https:\/\/keluvo.com\/fi\/wp-json\/wp\/v2\/product_cat?post=10282"},{"taxonomy":"product_tag","embeddable":true,"href":"https:\/\/keluvo.com\/fi\/wp-json\/wp\/v2\/product_tag?post=10282"}],"curies":[{"name":"wp","href":"https:\/\/api.w.org\/{rel}","templated":true}]}}