{"id":10271,"date":"2025-08-19T18:35:16","date_gmt":"2025-08-19T15:35:16","guid":{"rendered":"https:\/\/keluvo.com\/fi\/product\/oljykalvon-puhdistusharja\/"},"modified":"2025-08-19T18:35:22","modified_gmt":"2025-08-19T15:35:22","slug":"oljykalvon-puhdistusharja","status":"publish","type":"product","link":"https:\/\/keluvo.com\/fi\/product\/oljykalvon-puhdistusharja\/","title":{"rendered":"\u00d6ljykalvon puhdistusharja"},"content":{"rendered":"<p style=\"text-align: center\" data-start=\"201\" data-end=\"235\"><strong data-start=\"201\" data-end=\"233\">N\u00e4e Selv\u00e4sti, Aja Turvallisesti \ud83d\ude98<\/strong><\/p>\n<p style=\"text-align: center\" data-start=\"237\" data-end=\"461\">Nopea \u00f6ljykalvonpuhdistusharja on t\u00e4ydellinen ratkaisu tahrattoman tuulilasin saamiseksi. Se poistaa \u00f6ljykalvon, lian ja itsep\u00e4iset raidat nopeasti, jolloin n\u00e4et kristallinkirkkaasti ja ajat turvallisemmin kaikissa s\u00e4\u00e4olosuhteissa.<\/p>\n<p data-start=\"237\" data-end=\"461\"><img decoding=\"async\" class=\"size-full wp-image-29894 aligncenter\" src=\"https:\/\/keluvo.com\/template\/wp-content\/uploads\/sites\/5\/2025\/08\/76724440bae145cd90b466c9918fefde-ezgif.com-video-to-webp-converter.webp\" alt=\"\" \/><\/p>\n<h2 style=\"text-align: center\" data-start=\"463\" data-end=\"482\">T\u00e4rkeimm\u00e4t Edut \ud83e\uddfc<\/h2>\n<p data-start=\"485\" data-end=\"534\">\ud83e\uddfc Poistaa \u00f6ljykalvon, lian ja lian seconds<\/p>\n<p data-start=\"537\" data-end=\"588\">\ud83c\udf27\ufe0f Ehk\u00e4isee raitoja ja huurtumista, jotta vision<\/p>\n<p data-start=\"591\" data-end=\"645\">\ud83d\udee1\ufe0f pysyy kirkkaana ja parantaa ajoturvallisuutta sateella ja y\u00f6ll\u00e4<\/p>\n<p data-start=\"648\" data-end=\"689\">\ud83d\udcaa Kest\u00e4v\u00e4, uudelleenk\u00e4ytett\u00e4v\u00e4 ja helppo puhdistaa<\/p>\n<p data-start=\"692\" data-end=\"747\">\u26a1 S\u00e4\u00e4st\u00e4\u00e4 aikaa perinteisiin puhdistusmenetelmiin n\u00e4hden<\/p>\n<p data-start=\"692\" data-end=\"747\"><img decoding=\"async\" class=\"size-full wp-image-29898 aligncenter\" src=\"https:\/\/keluvo.com\/template\/wp-content\/uploads\/sites\/5\/2025\/08\/Adsiz_173_x_125_piksel_400_x_400_piksel_5_720x.webp\" alt=\"\" \/><\/p>\n<h2 style=\"text-align: center\" data-start=\"749\" data-end=\"767\">K\u00e4ytt\u00f6ohjeet \u2728<\/h2>\n<ol data-start=\"768\" data-end=\"947\">\n<li data-start=\"768\" data-end=\"839\">\n<p data-start=\"771\" data-end=\"839\">Aseta puhdistusliuos harjaan tai suoraan tuulilasille.<\/p>\n<\/li>\n<li data-start=\"840\" data-end=\"890\">\n<p data-start=\"843\" data-end=\"890\">Hankaa lasipinta varovasti harjalla.<\/p>\n<\/li>\n<li data-start=\"891\" data-end=\"947\">\n<p data-start=\"894\" data-end=\"947\">Pyyhi puhtaaksi vedell\u00e4 ja nauti raidattomasta kirkkaudesta.<\/p>\n<\/li>\n<\/ol>\n<h2 style=\"text-align: center\">Tuotetiedot \ud83d\udccb<\/h2>\n<ul data-start=\"974\" data-end=\"1244\">\n<li data-start=\"974\" data-end=\"1027\">\n<p data-start=\"976\" data-end=\"1027\">Materiaali: Korkealaatuinen ABS + puhdistussieniydin<\/p>\n<\/li>\n<li data-start=\"1028\" data-end=\"1071\">\n<p data-start=\"1030\" data-end=\"1071\">Koko: Kompakti ja k\u00e4sik\u00e4ytt\u00f6inen helppok\u00e4ytt\u00f6inen<\/p>\n<\/li>\n<li data-start=\"1072\" data-end=\"1129\">\n<p data-start=\"1074\" data-end=\"1129\">K\u00e4ytt\u00f6\u00f6n: Suunniteltu pitk\u00e4aikaiseen k\u00e4ytt\u00f6\u00f6n ja helppoon pesuun<\/p>\n<\/li>\n<li data-start=\"1130\" data-end=\"1202\">\n<p data-start=\"1132\" data-end=\"1202\">Soveltuu: Auton tuulilasit, ikkunat, peilit ja kotitalouden lasit<\/p>\n<\/li>\n<li data-start=\"1203\" data-end=\"1244\">\n<p data-start=\"1205\" data-end=\"1244\">V\u00e4ri: Vihre\u00e4 mustalla puhdistusreunalla<\/p>\n<\/li>\n<li data-start=\"1203\" data-end=\"1244\">50 ml.<\/li>\n<\/ul>\n<h2 style=\"text-align: center\" data-start=\"1246\" data-end=\"1271\">Pakkaus Sis\u00e4lt\u00e4\u00e4 \ud83d\udce6<\/h2>\n<ul data-start=\"1272\" data-end=\"1311\">\n<li data-start=\"1272\" data-end=\"1311\">\n<p data-start=\"1274\" data-end=\"1311\">1, 2, 3x \u00f6ljykalvon puhdistusharja.<\/p>\n<\/li>\n<\/ul>\n","protected":false},"excerpt":{"rendered":"<p>N\u00e4e Selv\u00e4sti, Aja Turvallisesti \ud83d\ude98 Nopea \u00f6ljykalvonpuhdistusharja on t\u00e4ydellinen ratkaisu tahrattoman tuulilasin saamiseksi. Se poistaa \u00f6ljykalvon, lian ja itsep\u00e4iset raidat [&hellip;]<\/p>\n","protected":false},"featured_media":10267,"comment_status":"open","ping_status":"closed","template":"","meta":{"site-sidebar-layout":"default","site-content-layout":"","ast-site-content-layout":"default","site-content-style":"default","site-sidebar-style":"default","ast-global-header-display":"","ast-banner-title-visibility":"","ast-main-header-display":"","ast-hfb-above-header-display":"","ast-hfb-below-header-display":"","ast-hfb-mobile-header-display":"","site-post-title":"","ast-breadcrumbs-content":"","ast-featured-img":"","footer-sml-layout":"","theme-transparent-header-meta":"default","adv-header-id-meta":"","stick-header-meta":"","header-above-stick-meta":"","header-main-stick-meta":"","header-below-stick-meta":"","astra-migrate-meta-layouts":"set","ast-page-background-enabled":"default","ast-page-background-meta":{"desktop":{"background-color":"var(--ast-global-color-4)","background-image":"","background-repeat":"repeat","background-position":"center center","background-size":"auto","background-attachment":"scroll","background-type":"","background-media":"","overlay-type":"","overlay-color":"","overlay-opacity":"","overlay-gradient":""},"tablet":{"background-color":"","background-image":"","background-repeat":"repeat","background-position":"center center","background-size":"auto","background-attachment":"scroll","background-type":"","background-media":"","overlay-type":"","overlay-color":"","overlay-opacity":"","overlay-gradient":""},"mobile":{"background-color":"","background-image":"","background-repeat":"repeat","background-position":"center center","background-size":"auto","background-attachment":"scroll","background-type":"","background-media":"","overlay-type":"","overlay-color":"","overlay-opacity":"","overlay-gradient":""}},"ast-content-background-meta":{"desktop":{"background-color":"var(--ast-global-color-5)","background-image":"","background-repeat":"repeat","background-position":"center center","background-size":"auto","background-attachment":"scroll","background-type":"","background-media":"","overlay-type":"","overlay-color":"","overlay-opacity":"","overlay-gradient":""},"tablet":{"background-color":"var(--ast-global-color-5)","background-image":"","background-repeat":"repeat","background-position":"center center","background-size":"auto","background-attachment":"scroll","background-type":"","background-media":"","overlay-type":"","overlay-color":"","overlay-opacity":"","overlay-gradient":""},"mobile":{"background-color":"var(--ast-global-color-5)","background-image":"","background-repeat":"repeat","background-position":"center center","background-size":"auto","background-attachment":"scroll","background-type":"","background-media":"","overlay-type":"","overlay-color":"","overlay-opacity":"","overlay-gradient":""}}},"product_brand":[],"product_cat":[998],"product_tag":[],"class_list":{"0":"post-10271","1":"product","2":"type-product","3":"status-publish","4":"has-post-thumbnail","6":"product_cat-automotive-products","7":"pa_48254_8qiw0qao-1-kpl","8":"pa_48254_8qiw0qao-2-kpl","9":"pa_48254_8qiw0qao-3-kpl","10":"desktop-align-left","11":"tablet-align-left","12":"mobile-align-left","14":"first","15":"instock","16":"shipping-taxable","17":"purchasable","18":"product-type-variable"},"_links":{"self":[{"href":"https:\/\/keluvo.com\/fi\/wp-json\/wp\/v2\/product\/10271","targetHints":{"allow":["GET"]}}],"collection":[{"href":"https:\/\/keluvo.com\/fi\/wp-json\/wp\/v2\/product"}],"about":[{"href":"https:\/\/keluvo.com\/fi\/wp-json\/wp\/v2\/types\/product"}],"replies":[{"embeddable":true,"href":"https:\/\/keluvo.com\/fi\/wp-json\/wp\/v2\/comments?post=10271"}],"wp:featuredmedia":[{"embeddable":true,"href":"https:\/\/keluvo.com\/fi\/wp-json\/wp\/v2\/media\/10267"}],"wp:attachment":[{"href":"https:\/\/keluvo.com\/fi\/wp-json\/wp\/v2\/media?parent=10271"}],"wp:term":[{"taxonomy":"product_brand","embeddable":true,"href":"https:\/\/keluvo.com\/fi\/wp-json\/wp\/v2\/product_brand?post=10271"},{"taxonomy":"product_cat","embeddable":true,"href":"https:\/\/keluvo.com\/fi\/wp-json\/wp\/v2\/product_cat?post=10271"},{"taxonomy":"product_tag","embeddable":true,"href":"https:\/\/keluvo.com\/fi\/wp-json\/wp\/v2\/product_tag?post=10271"}],"curies":[{"name":"wp","href":"https:\/\/api.w.org\/{rel}","templated":true}]}}