{"id":10260,"date":"2025-08-19T18:34:22","date_gmt":"2025-08-19T15:34:22","guid":{"rendered":"https:\/\/keluvo.com\/fi\/product\/lemmikkielainten-karvanpoistohanskat\/"},"modified":"2025-08-19T18:34:31","modified_gmt":"2025-08-19T15:34:31","slug":"lemmikkielainten-karvanpoistohanskat","status":"publish","type":"product","link":"https:\/\/keluvo.com\/fi\/product\/lemmikkielainten-karvanpoistohanskat\/","title":{"rendered":"Lemmikkiel\u00e4inten karvanpoistohanskat"},"content":{"rendered":"<p style=\"text-align: center\" data-start=\"269\" data-end=\"307\"><strong data-start=\"269\" data-end=\"307\">Sano Hyv\u00e4stit Lemmikkiel\u00e4inten Karvoille Ikuisesti \ud83d\udc3e<\/strong><\/p>\n<p style=\"text-align: center\" data-start=\"309\" data-end=\"571\">Pet&#8217;s karvanpoistohanska on jokaisen lemmikinomistajan pakollinen ty\u00f6kalu. Se on suunniteltu poistamaan nopeasti itsep\u00e4iset karvat vaatteista, huonekaluista ja autonistuimista, ja se on ymp\u00e4rist\u00f6yst\u00e4v\u00e4llinen, uudelleenk\u00e4ytett\u00e4v\u00e4 ja suunniteltu kest\u00e4m\u00e4\u00e4n. Ei en\u00e4\u00e4 tahmeita rullia tai loputonta puhdistusta &#8211; vain nopeita, tehokkaita tuloksia.<\/p>\n<p data-start=\"309\" data-end=\"571\"><img decoding=\"async\" class=\"size-full wp-image-29880 aligncenter\" src=\"https:\/\/keluvo.com\/template\/wp-content\/uploads\/sites\/5\/2025\/08\/072110-ezgif.com-video-to-webp-converter.webp\" alt=\"\" \/><\/p>\n<h2 style=\"text-align: center\" data-start=\"573\" data-end=\"592\">T\u00e4rkeimm\u00e4t Edut \u2728<\/h2>\n<p data-start=\"595\" data-end=\"653\">\ud83d\udc08 Toimii kaikentyyppisille lemmikkien karvoille (kissat, koirat ja muut)<\/p>\n<p data-start=\"656\" data-end=\"723\">\ud83d\udecb\ufe0f Poistaa karvoja huonekaluista, vaatteista ja autonistuimista sekunneissa<\/p>\n<p data-start=\"726\" data-end=\"794\">\ud83c\udf0d Ymp\u00e4rist\u00f6yst\u00e4v\u00e4llinen ja uudelleenk\u00e4ytett\u00e4v\u00e4 &#8211; ei kertak\u00e4ytt\u00f6isi\u00e4 osia tai tahmeita teippej\u00e4<\/p>\n<p data-start=\"797\" data-end=\"850\">\ud83d\udcaa Vahvaa, kest\u00e4v\u00e4\u00e4 materiaalia, joka on rakennettu pitk\u00e4ik\u00e4iseksi use<\/p>\n<p data-start=\"853\" data-end=\"895\">\u23f1\ufe0f S\u00e4\u00e4st\u00e4\u00e4 aikaa ja vaivaa siivouksessa<\/p>\n<p data-start=\"853\" data-end=\"895\"><img decoding=\"async\" class=\"size-full wp-image-29884 aligncenter\" src=\"https:\/\/keluvo.com\/template\/wp-content\/uploads\/sites\/5\/2025\/08\/dewdewdewdew_6828255b-10dc-4a32-a29b-d390ee350152_720x.jpg\" alt=\"\" \/><\/p>\n<h2 style=\"text-align: center\" data-start=\"897\" data-end=\"915\">K\u00e4ytt\u00f6kohteet \ud83d\udc31<\/h2>\n<ol data-start=\"916\" data-end=\"1042\">\n<li data-start=\"916\" data-end=\"953\">\n<p data-start=\"919\" data-end=\"953\">Pid\u00e4 lemmikkihanska k\u00e4dess\u00e4si.<\/p>\n<\/li>\n<li data-start=\"954\" data-end=\"998\">\n<p data-start=\"957\" data-end=\"998\">Pyyhk\u00e4ise sit\u00e4 lemmikkikarvoja sis\u00e4lt\u00e4v\u00e4n pinnan yli.<\/p>\n<\/li>\n<li data-start=\"999\" data-end=\"1042\">\n<p data-start=\"1002\" data-end=\"1042\">Ker\u00e4\u00e4 ja heit\u00e4 turkki pois &#8211; valmis!<\/p>\n<\/li>\n<\/ol>\n<h2 style=\"text-align: center\" data-start=\"1044\" data-end=\"1068\">Tuotetiedot \ud83d\udccb<\/h2>\n<ul data-start=\"1069\" data-end=\"1328\">\n<li data-start=\"1069\" data-end=\"1118\">\n<p data-start=\"1071\" data-end=\"1118\">Materiaali: Premium ABS, jossa on pehme\u00e4 kumireuna<\/p>\n<\/li>\n<li data-start=\"1119\" data-end=\"1168\">\n<p data-start=\"1121\" data-end=\"1168\">Koko: Kompakti, helppo kuljettaa ja kevyt<\/p>\n<\/li>\n<li data-start=\"1169\" data-end=\"1242\">\n<p data-start=\"1171\" data-end=\"1242\">Sopii: Huonekalut, matot, vaatteet, vuodevaatteet ja autojen sis\u00e4tilat<\/p>\n<\/li>\n<li data-start=\"1243\" data-end=\"1294\">\n<p data-start=\"1245\" data-end=\"1294\">Puhdistus: Huuhtele vedell\u00e4 ja k\u00e4yt\u00e4 loputtomasti uudelleen<\/p>\n<\/li>\n<\/ul>\n<h2 style=\"text-align: center\" data-start=\"1330\" data-end=\"1355\">Pakkaus Sis\u00e4lt\u00e4\u00e4 \ud83d\udce6<\/h2>\n<ul data-start=\"1356\" data-end=\"1386\">\n<li data-start=\"1356\" data-end=\"1386\">\n<p data-start=\"1358\" data-end=\"1386\">1, 2, 4x lemmikkiel\u00e4inten karvanpoistohanskat.<\/p>\n<\/li>\n<\/ul>\n","protected":false},"excerpt":{"rendered":"<p>Sano Hyv\u00e4stit Lemmikkiel\u00e4inten Karvoille Ikuisesti \ud83d\udc3e Pet&#8217;s karvanpoistohanska on jokaisen lemmikinomistajan pakollinen ty\u00f6kalu. Se on suunniteltu poistamaan nopeasti itsep\u00e4iset karvat [&hellip;]<\/p>\n","protected":false},"featured_media":10256,"comment_status":"open","ping_status":"closed","template":"","meta":{"site-sidebar-layout":"default","site-content-layout":"","ast-site-content-layout":"default","site-content-style":"default","site-sidebar-style":"default","ast-global-header-display":"","ast-banner-title-visibility":"","ast-main-header-display":"","ast-hfb-above-header-display":"","ast-hfb-below-header-display":"","ast-hfb-mobile-header-display":"","site-post-title":"","ast-breadcrumbs-content":"","ast-featured-img":"","footer-sml-layout":"","theme-transparent-header-meta":"default","adv-header-id-meta":"","stick-header-meta":"","header-above-stick-meta":"","header-main-stick-meta":"","header-below-stick-meta":"","astra-migrate-meta-layouts":"set","ast-page-background-enabled":"default","ast-page-background-meta":{"desktop":{"background-color":"var(--ast-global-color-4)","background-image":"","background-repeat":"repeat","background-position":"center center","background-size":"auto","background-attachment":"scroll","background-type":"","background-media":"","overlay-type":"","overlay-color":"","overlay-opacity":"","overlay-gradient":""},"tablet":{"background-color":"","background-image":"","background-repeat":"repeat","background-position":"center center","background-size":"auto","background-attachment":"scroll","background-type":"","background-media":"","overlay-type":"","overlay-color":"","overlay-opacity":"","overlay-gradient":""},"mobile":{"background-color":"","background-image":"","background-repeat":"repeat","background-position":"center center","background-size":"auto","background-attachment":"scroll","background-type":"","background-media":"","overlay-type":"","overlay-color":"","overlay-opacity":"","overlay-gradient":""}},"ast-content-background-meta":{"desktop":{"background-color":"var(--ast-global-color-5)","background-image":"","background-repeat":"repeat","background-position":"center center","background-size":"auto","background-attachment":"scroll","background-type":"","background-media":"","overlay-type":"","overlay-color":"","overlay-opacity":"","overlay-gradient":""},"tablet":{"background-color":"var(--ast-global-color-5)","background-image":"","background-repeat":"repeat","background-position":"center center","background-size":"auto","background-attachment":"scroll","background-type":"","background-media":"","overlay-type":"","overlay-color":"","overlay-opacity":"","overlay-gradient":""},"mobile":{"background-color":"var(--ast-global-color-5)","background-image":"","background-repeat":"repeat","background-position":"center center","background-size":"auto","background-attachment":"scroll","background-type":"","background-media":"","overlay-type":"","overlay-color":"","overlay-opacity":"","overlay-gradient":""}}},"product_brand":[],"product_cat":[997],"product_tag":[],"class_list":{"0":"post-10260","1":"product","2":"type-product","3":"status-publish","4":"has-post-thumbnail","6":"product_cat-pets-products","7":"pa_48253_urgbzjhk-1-kpl","8":"pa_48253_urgbzjhk-2-kpl","9":"pa_48253_urgbzjhk-4-kpl","10":"desktop-align-left","11":"tablet-align-left","12":"mobile-align-left","14":"first","15":"instock","16":"shipping-taxable","17":"purchasable","18":"product-type-variable"},"_links":{"self":[{"href":"https:\/\/keluvo.com\/fi\/wp-json\/wp\/v2\/product\/10260","targetHints":{"allow":["GET"]}}],"collection":[{"href":"https:\/\/keluvo.com\/fi\/wp-json\/wp\/v2\/product"}],"about":[{"href":"https:\/\/keluvo.com\/fi\/wp-json\/wp\/v2\/types\/product"}],"replies":[{"embeddable":true,"href":"https:\/\/keluvo.com\/fi\/wp-json\/wp\/v2\/comments?post=10260"}],"wp:featuredmedia":[{"embeddable":true,"href":"https:\/\/keluvo.com\/fi\/wp-json\/wp\/v2\/media\/10256"}],"wp:attachment":[{"href":"https:\/\/keluvo.com\/fi\/wp-json\/wp\/v2\/media?parent=10260"}],"wp:term":[{"taxonomy":"product_brand","embeddable":true,"href":"https:\/\/keluvo.com\/fi\/wp-json\/wp\/v2\/product_brand?post=10260"},{"taxonomy":"product_cat","embeddable":true,"href":"https:\/\/keluvo.com\/fi\/wp-json\/wp\/v2\/product_cat?post=10260"},{"taxonomy":"product_tag","embeddable":true,"href":"https:\/\/keluvo.com\/fi\/wp-json\/wp\/v2\/product_tag?post=10260"}],"curies":[{"name":"wp","href":"https:\/\/api.w.org\/{rel}","templated":true}]}}