{"id":10128,"date":"2025-08-16T12:37:22","date_gmt":"2025-08-16T10:37:22","guid":{"rendered":"https:\/\/keluvo.com\/fi\/product\/rasvanpudotusvyo\/"},"modified":"2025-09-13T13:27:03","modified_gmt":"2025-09-13T10:27:03","slug":"rasvanpudotusvyo","status":"publish","type":"product","link":"https:\/\/keluvo.com\/fi\/product\/rasvanpudotusvyo\/","title":{"rendered":"Rasvanpudotusvy\u00f6"},"content":{"rendered":"<p style=\"text-align: center\" data-start=\"91\" data-end=\"308\"><strong>\ud83d\udd25 Polta Rasvaa Ja Muotoile Vartaloasi Sohvalla Istuessasi!<\/strong><\/p>\n<p style=\"text-align: center\" data-start=\"91\" data-end=\"308\">Rasvanv\u00e4hennysvy\u00f6 k\u00e4ytt\u00e4\u00e4 \u00e4lyk\u00e4st\u00e4 lihasstimulaatiota (EMS), joka auttaa v\u00e4hent\u00e4m\u00e4\u00e4n vatsaa, kiinteytt\u00e4m\u00e4\u00e4n ydint\u00e4si ja m\u00e4\u00e4rittelem\u00e4\u00e4n vatsalihaksesi ilman intensiivist\u00e4 harjoittelua tai tiukkaa ruokavaliota. K\u00e4yt\u00e4 sit\u00e4 vaatteiden alla milloin tahansa &#8211; t\u00f6iss\u00e4, k\u00e4velless\u00e4si tai rentoutuessasi kotona!<\/p>\n<p data-start=\"91\" data-end=\"308\"><img decoding=\"async\" class=\"size-full wp-image-26204 aligncenter\" src=\"https:\/\/keluvo.com\/template\/wp-content\/uploads\/sites\/5\/2025\/07\/07023-ezgif.com-video-to-webp-converter.webp\" alt=\"\" \/><\/p>\n<h2 style=\"text-align: center\" data-start=\"391\" data-end=\"412\">\u2728 T\u00e4rkeimm\u00e4t Edut<\/h2>\n<p data-start=\"415\" data-end=\"476\">\ud83d\udcaa Kiinteytt\u00e4\u00e4 vatsalihaksia, v\u00e4hent\u00e4\u00e4 vatsarasvaa ja m\u00e4\u00e4rittelee vy\u00f6t\u00e4r\u00f6si<\/p>\n<p data-start=\"479\" data-end=\"531\">\ud83d\udd0b EMS-teknologia aktivoi lihakset ilman ponnistelua<\/p>\n<p data-start=\"534\" data-end=\"582\">\ud83e\uddcd Ohut muotoilu huomaamattomaan k\u00e4ytt\u00f6\u00f6n vaatteiden alla<\/p>\n<p data-start=\"585\" data-end=\"629\">\u23f1 S\u00e4\u00e4dett\u00e4v\u00e4 intensiteetti 6 teholla<\/p>\n<p data-start=\"632\" data-end=\"677\">\ud83e\uddd8\u200d\u2642\ufe0f Sopii erinomaisesti miehille ja naisille &#8211; ei tarvitse kuntosalia<\/p>\n<p data-start=\"632\" data-end=\"677\"><img decoding=\"async\" class=\"size-full wp-image-26205 aligncenter\" src=\"https:\/\/keluvo.com\/template\/wp-content\/uploads\/sites\/5\/2025\/07\/573724ad-4591-49db-b9ab-16caa499d987.webp\" alt=\"\" \/><\/p>\n<h2 style=\"text-align: center\" data-start=\"679\" data-end=\"698\">\ud83d\udd27 K\u00e4ytt\u00f6ohjeet<\/h2>\n<ol data-start=\"699\" data-end=\"840\">\n<li data-start=\"699\" data-end=\"738\">\n<p data-start=\"702\" data-end=\"738\">Kiinnit\u00e4 vy\u00f6 vy\u00f6t\u00e4r\u00f6si ymp\u00e4rille.<\/p>\n<\/li>\n<li data-start=\"739\" data-end=\"789\">\n<p data-start=\"742\" data-end=\"789\">Valitse haluamasi toimintatila ja intensiteettitaso.<\/p>\n<\/li>\n<li data-start=\"790\" data-end=\"840\">\n<p data-start=\"793\" data-end=\"840\">Rentoudu samalla kun rasvanpudotusvy\u00f6 ty\u00f6skentelee lihaksia puolestasi!<\/p>\n<\/li>\n<\/ol>\n<h2 style=\"text-align: center\" data-start=\"842\" data-end=\"866\">\ud83d\udccf Tuotetiedot<\/h2>\n<ul data-start=\"867\" data-end=\"1008\">\n<li data-start=\"924\" data-end=\"953\">\n<p data-start=\"926\" data-end=\"953\">Vy\u00f6n koko: 19,5 x 18,5 cm<\/p>\n<\/li>\n<li data-start=\"954\" data-end=\"977\">\n<p data-start=\"956\" data-end=\"977\">Intensiteettitasot: 6<\/p>\n<\/li>\n<li data-start=\"978\" data-end=\"1008\">\n<p data-start=\"980\" data-end=\"1008\">Lataus: USB rechargeable<\/p>\n<\/li>\n<\/ul>\n<h2 style=\"text-align: center\" data-start=\"1010\" data-end=\"1035\">\ud83d\udce6 Pakkaus Sis\u00e4lt\u00e4\u00e4<\/h2>\n<ul data-start=\"1036\" data-end=\"1110\">\n<li data-start=\"1036\" data-end=\"1069\">\n<p data-start=\"1038\" data-end=\"1069\">1x rasvanv\u00e4hennysvy\u00f6<\/p>\n<\/li>\n<li data-start=\"1070\" data-end=\"1091\">\n<p data-start=\"1072\" data-end=\"1091\">1x latauskaapeli<\/p>\n<\/li>\n<li data-start=\"1092\" data-end=\"1110\">\n<p data-start=\"1094\" data-end=\"1110\">1x k\u00e4ytt\u00f6ohje.<\/p>\n<\/li>\n<\/ul>\n","protected":false},"excerpt":{"rendered":"<p>\ud83d\udd25 Polta Rasvaa Ja Muotoile Vartaloasi Sohvalla Istuessasi! Rasvanv\u00e4hennysvy\u00f6 k\u00e4ytt\u00e4\u00e4 \u00e4lyk\u00e4st\u00e4 lihasstimulaatiota (EMS), joka auttaa v\u00e4hent\u00e4m\u00e4\u00e4n vatsaa, kiinteytt\u00e4m\u00e4\u00e4n ydint\u00e4si ja [&hellip;]<\/p>\n","protected":false},"featured_media":10124,"comment_status":"open","ping_status":"closed","template":"","meta":{"site-sidebar-layout":"default","site-content-layout":"","ast-site-content-layout":"default","site-content-style":"default","site-sidebar-style":"default","ast-global-header-display":"","ast-banner-title-visibility":"","ast-main-header-display":"","ast-hfb-above-header-display":"","ast-hfb-below-header-display":"","ast-hfb-mobile-header-display":"","site-post-title":"","ast-breadcrumbs-content":"","ast-featured-img":"","footer-sml-layout":"","theme-transparent-header-meta":"default","adv-header-id-meta":"","stick-header-meta":"","header-above-stick-meta":"","header-main-stick-meta":"","header-below-stick-meta":"","astra-migrate-meta-layouts":"set","ast-page-background-enabled":"default","ast-page-background-meta":{"desktop":{"background-color":"var(--ast-global-color-4)","background-image":"","background-repeat":"repeat","background-position":"center center","background-size":"auto","background-attachment":"scroll","background-type":"","background-media":"","overlay-type":"","overlay-color":"","overlay-opacity":"","overlay-gradient":""},"tablet":{"background-color":"","background-image":"","background-repeat":"repeat","background-position":"center center","background-size":"auto","background-attachment":"scroll","background-type":"","background-media":"","overlay-type":"","overlay-color":"","overlay-opacity":"","overlay-gradient":""},"mobile":{"background-color":"","background-image":"","background-repeat":"repeat","background-position":"center center","background-size":"auto","background-attachment":"scroll","background-type":"","background-media":"","overlay-type":"","overlay-color":"","overlay-opacity":"","overlay-gradient":""}},"ast-content-background-meta":{"desktop":{"background-color":"var(--ast-global-color-5)","background-image":"","background-repeat":"repeat","background-position":"center center","background-size":"auto","background-attachment":"scroll","background-type":"","background-media":"","overlay-type":"","overlay-color":"","overlay-opacity":"","overlay-gradient":""},"tablet":{"background-color":"var(--ast-global-color-5)","background-image":"","background-repeat":"repeat","background-position":"center center","background-size":"auto","background-attachment":"scroll","background-type":"","background-media":"","overlay-type":"","overlay-color":"","overlay-opacity":"","overlay-gradient":""},"mobile":{"background-color":"var(--ast-global-color-5)","background-image":"","background-repeat":"repeat","background-position":"center center","background-size":"auto","background-attachment":"scroll","background-type":"","background-media":"","overlay-type":"","overlay-color":"","overlay-opacity":"","overlay-gradient":""}}},"product_brand":[],"product_cat":[993,999],"product_tag":[],"class_list":{"0":"post-10128","1":"product","2":"type-product","3":"status-publish","4":"has-post-thumbnail","6":"product_cat-footwear-accessories","7":"product_cat-sporting-goods","8":"desktop-align-left","9":"tablet-align-left","10":"mobile-align-left","12":"first","13":"instock","14":"shipping-taxable","15":"purchasable","16":"product-type-simple"},"_links":{"self":[{"href":"https:\/\/keluvo.com\/fi\/wp-json\/wp\/v2\/product\/10128","targetHints":{"allow":["GET"]}}],"collection":[{"href":"https:\/\/keluvo.com\/fi\/wp-json\/wp\/v2\/product"}],"about":[{"href":"https:\/\/keluvo.com\/fi\/wp-json\/wp\/v2\/types\/product"}],"replies":[{"embeddable":true,"href":"https:\/\/keluvo.com\/fi\/wp-json\/wp\/v2\/comments?post=10128"}],"wp:featuredmedia":[{"embeddable":true,"href":"https:\/\/keluvo.com\/fi\/wp-json\/wp\/v2\/media\/10124"}],"wp:attachment":[{"href":"https:\/\/keluvo.com\/fi\/wp-json\/wp\/v2\/media?parent=10128"}],"wp:term":[{"taxonomy":"product_brand","embeddable":true,"href":"https:\/\/keluvo.com\/fi\/wp-json\/wp\/v2\/product_brand?post=10128"},{"taxonomy":"product_cat","embeddable":true,"href":"https:\/\/keluvo.com\/fi\/wp-json\/wp\/v2\/product_cat?post=10128"},{"taxonomy":"product_tag","embeddable":true,"href":"https:\/\/keluvo.com\/fi\/wp-json\/wp\/v2\/product_tag?post=10128"}],"curies":[{"name":"wp","href":"https:\/\/api.w.org\/{rel}","templated":true}]}}