{"id":10030,"date":"2025-08-12T15:34:42","date_gmt":"2025-08-12T13:34:42","guid":{"rendered":"https:\/\/keluvo.com\/fi\/product\/kazoo\/"},"modified":"2025-11-11T11:54:09","modified_gmt":"2025-11-11T09:54:09","slug":"kazoo","status":"publish","type":"product","link":"https:\/\/keluvo.com\/fi\/product\/kazoo\/","title":{"rendered":"Kazoo"},"content":{"rendered":"<p style=\"text-align: center;\" data-start=\"132\" data-end=\"328\"><strong data-start=\"132\" data-end=\"182\">Tee Musiikkia Sekunneissa &#8211; Kokemusta Ei Tarvita! \ud83c\udfb5<\/strong><\/p>\n<p style=\"text-align: center;\" data-start=\"132\" data-end=\"328\">T\u00e4m\u00e4 kazoo on helpoin soitin, jota tulet koskaan soittamaan. Hyr\u00e4ile vain siihen, ja se muuttaa \u00e4\u00e4nesi hetkess\u00e4 hauskaksi, surisevaksi melodiaksi! T\u00e4ydellinen lapsille, aloittelijoille, muusikoille tai kenelle tahansa, joka haluaa jammailla ilman monimutkaisten nuottien opettelua.<\/p>\n<p data-start=\"132\" data-end=\"328\"><img decoding=\"async\" class=\"size-full wp-image-29324 aligncenter\" src=\"https:\/\/keluvo.com\/template\/wp-content\/uploads\/sites\/5\/2025\/07\/daab30dc690d7fe87829648f33977414e907b4bd.webp\" alt=\"\" \/><\/p>\n<h2 style=\"text-align: center;\" data-section-id=\"1unko33\" data-start=\"439\" data-end=\"459\">T\u00e4rkeimm\u00e4t Edut \ud83c\udfba<\/h2>\n<p data-start=\"461\" data-end=\"924\">\ud83c\udfb6 <strong data-start=\"464\" data-end=\"479\">Helppok\u00e4ytt\u00f6inen<\/strong> \u2013 Hyr\u00e4ile vain soittaaksesi. Musiikillista osaamista ei tarvita.<\/p>\n<p data-start=\"461\" data-end=\"924\">\ud83e\ude88 <strong data-start=\"536\" data-end=\"551\">Mahtava \u00c4\u00e4ni<\/strong> \u2013 Tuottaa surisevan, trumpettia muistuttavan \u00e4\u00e4nen, joka on hauska ja ainutlaatuinen.<\/p>\n<p data-start=\"461\" data-end=\"924\">\ud83c\udf92 <strong data-start=\"620\" data-end=\"636\">Taskukokoinen<\/strong> \u2013 Pieni, kevyt ja mukana on kaulanauha helppoa kantamista varten.<\/p>\n<p data-start=\"461\" data-end=\"924\">\ud83c\udf81 <strong data-start=\"708\" data-end=\"724\">T\u00e4ydellinen Lahja<\/strong> \u2013 Hauska yll\u00e4tys lapsille, yst\u00e4ville tai musiikin yst\u00e4ville.<\/p>\n<p data-start=\"461\" data-end=\"924\">\ud83c\udfb8 <strong data-start=\"783\" data-end=\"809\">Loistava Jammailuun<\/strong> \u2013 K\u00e4yt\u00e4 sit\u00e4 yksin tai kitarasi tai b\u00e4ndisi kanssa.<\/p>\n<p data-start=\"461\" data-end=\"924\">\ud83e\uddfc <strong data-start=\"858\" data-end=\"879\">Irrotettava Muotoilu<\/strong> \u2013 Helppo puhdistaa ja turvallinen toistuvaan k\u00e4ytt\u00f6\u00f6n.<\/p>\n<p data-start=\"461\" data-end=\"924\"><img decoding=\"async\" class=\"size-full wp-image-29323 aligncenter\" src=\"https:\/\/keluvo.com\/template\/wp-content\/uploads\/sites\/5\/2025\/07\/6025c76285d54d8c918e678c71a22bda68a3c8f1.webp\" alt=\"\" \/><\/p>\n<h2 style=\"text-align: center;\" data-section-id=\"6p6jkm\" data-start=\"931\" data-end=\"948\">K\u00e4ytt\u00f6ohjeet \ud83c\udfa4<\/h2>\n<ol data-start=\"950\" data-end=\"1144\">\n<li data-start=\"950\" data-end=\"986\">\n<p data-start=\"953\" data-end=\"986\">Pid\u00e4 kazoo suusi l\u00e4hell\u00e4.<\/p>\n<\/li>\n<li data-start=\"987\" data-end=\"1027\">\n<p data-start=\"990\" data-end=\"1027\">Humppaa (\u00e4l\u00e4 puhalla) suukappaleeseen.<\/p>\n<\/li>\n<li data-start=\"1028\" data-end=\"1096\">\n<p data-start=\"1031\" data-end=\"1096\">Vaihda s\u00e4velkorkeutta tai humppaa s\u00e4vel &#8211; se surisee ja kuulostaa musiikilliselta!<\/p>\n<\/li>\n<li data-start=\"1097\" data-end=\"1144\">\n<p data-start=\"1100\" data-end=\"1144\">K\u00e4yt\u00e4 hihnaa, jotta voit kuljettaa sit\u00e4 mukana minne tahansa.<\/p>\n<\/li>\n<\/ol>\n<h2 style=\"text-align: center;\" data-section-id=\"1uoa4jh\" data-start=\"1151\" data-end=\"1173\">Tuotetiedot \ud83d\udccf<\/h2>\n<ul data-start=\"1175\" data-end=\"1287\">\n<li data-start=\"1175\" data-end=\"1199\">\n<p data-start=\"1177\" data-end=\"1199\">Koko: 13,5cm x 3,5cm<\/p>\n<\/li>\n<li data-start=\"1200\" data-end=\"1221\">\n<p data-start=\"1202\" data-end=\"1221\">Materiaali: Muovi<\/p>\n<\/li>\n<li data-start=\"1259\" data-end=\"1287\">\n<p data-start=\"1261\" data-end=\"1287\">Kevyt ja kannettava<\/p>\n<\/li>\n<\/ul>\n<h2 style=\"text-align: center;\" data-section-id=\"168ap4\" data-start=\"1294\" data-end=\"1317\">Pakkaus Sis\u00e4lt\u00e4\u00e4 \ud83d\udce6<\/h2>\n<ul data-start=\"1319\" data-end=\"1417\">\n<li data-start=\"1319\" data-end=\"1349\">\n<p data-start=\"1321\" data-end=\"1349\">1x kazoo ja kaulanauha.<\/p>\n<\/li>\n<\/ul>\n","protected":false},"excerpt":{"rendered":"<p>Tee Musiikkia Sekunneissa &#8211; Kokemusta Ei Tarvita! \ud83c\udfb5 T\u00e4m\u00e4 kazoo on helpoin soitin, jota tulet koskaan soittamaan. Hyr\u00e4ile vain siihen, [&hellip;]<\/p>\n","protected":false},"featured_media":10026,"comment_status":"open","ping_status":"closed","template":"","meta":{"site-sidebar-layout":"default","site-content-layout":"","ast-site-content-layout":"default","site-content-style":"default","site-sidebar-style":"default","ast-global-header-display":"","ast-banner-title-visibility":"","ast-main-header-display":"","ast-hfb-above-header-display":"","ast-hfb-below-header-display":"","ast-hfb-mobile-header-display":"","site-post-title":"","ast-breadcrumbs-content":"","ast-featured-img":"","footer-sml-layout":"","theme-transparent-header-meta":"default","adv-header-id-meta":"","stick-header-meta":"","header-above-stick-meta":"","header-main-stick-meta":"","header-below-stick-meta":"","astra-migrate-meta-layouts":"set","ast-page-background-enabled":"default","ast-page-background-meta":{"desktop":{"background-color":"var(--ast-global-color-4)","background-image":"","background-repeat":"repeat","background-position":"center center","background-size":"auto","background-attachment":"scroll","background-type":"","background-media":"","overlay-type":"","overlay-color":"","overlay-opacity":"","overlay-gradient":""},"tablet":{"background-color":"","background-image":"","background-repeat":"repeat","background-position":"center center","background-size":"auto","background-attachment":"scroll","background-type":"","background-media":"","overlay-type":"","overlay-color":"","overlay-opacity":"","overlay-gradient":""},"mobile":{"background-color":"","background-image":"","background-repeat":"repeat","background-position":"center center","background-size":"auto","background-attachment":"scroll","background-type":"","background-media":"","overlay-type":"","overlay-color":"","overlay-opacity":"","overlay-gradient":""}},"ast-content-background-meta":{"desktop":{"background-color":"var(--ast-global-color-5)","background-image":"","background-repeat":"repeat","background-position":"center center","background-size":"auto","background-attachment":"scroll","background-type":"","background-media":"","overlay-type":"","overlay-color":"","overlay-opacity":"","overlay-gradient":""},"tablet":{"background-color":"var(--ast-global-color-5)","background-image":"","background-repeat":"repeat","background-position":"center center","background-size":"auto","background-attachment":"scroll","background-type":"","background-media":"","overlay-type":"","overlay-color":"","overlay-opacity":"","overlay-gradient":""},"mobile":{"background-color":"var(--ast-global-color-5)","background-image":"","background-repeat":"repeat","background-position":"center center","background-size":"auto","background-attachment":"scroll","background-type":"","background-media":"","overlay-type":"","overlay-color":"","overlay-opacity":"","overlay-gradient":""}}},"product_brand":[],"product_cat":[990],"product_tag":[],"class_list":{"0":"post-10030","1":"product","2":"type-product","3":"status-publish","4":"has-post-thumbnail","6":"product_cat-toys-childrens-and-baby-products","7":"pa_48240_yj0t3rqr-musta","8":"pa_48240_yj0t3rqr-punainen","9":"pa_48240_yj0t3rqr-sininen","10":"pa_48240_yj0t3rqr-vaaleanpunainen","11":"pa_48240_yj0t3rqr-valkoinen","12":"desktop-align-left","13":"tablet-align-left","14":"mobile-align-left","16":"first","17":"instock","18":"shipping-taxable","19":"purchasable","20":"product-type-variable"},"_links":{"self":[{"href":"https:\/\/keluvo.com\/fi\/wp-json\/wp\/v2\/product\/10030","targetHints":{"allow":["GET"]}}],"collection":[{"href":"https:\/\/keluvo.com\/fi\/wp-json\/wp\/v2\/product"}],"about":[{"href":"https:\/\/keluvo.com\/fi\/wp-json\/wp\/v2\/types\/product"}],"replies":[{"embeddable":true,"href":"https:\/\/keluvo.com\/fi\/wp-json\/wp\/v2\/comments?post=10030"}],"wp:featuredmedia":[{"embeddable":true,"href":"https:\/\/keluvo.com\/fi\/wp-json\/wp\/v2\/media\/10026"}],"wp:attachment":[{"href":"https:\/\/keluvo.com\/fi\/wp-json\/wp\/v2\/media?parent=10030"}],"wp:term":[{"taxonomy":"product_brand","embeddable":true,"href":"https:\/\/keluvo.com\/fi\/wp-json\/wp\/v2\/product_brand?post=10030"},{"taxonomy":"product_cat","embeddable":true,"href":"https:\/\/keluvo.com\/fi\/wp-json\/wp\/v2\/product_cat?post=10030"},{"taxonomy":"product_tag","embeddable":true,"href":"https:\/\/keluvo.com\/fi\/wp-json\/wp\/v2\/product_tag?post=10030"}],"curies":[{"name":"wp","href":"https:\/\/api.w.org\/{rel}","templated":true}]}}