{"id":10025,"date":"2025-08-12T15:33:48","date_gmt":"2025-08-12T13:33:48","guid":{"rendered":"https:\/\/keluvo.com\/fi\/product\/auton-kaynnistyslaite\/"},"modified":"2025-09-22T19:15:28","modified_gmt":"2025-09-22T16:15:28","slug":"auton-kaynnistyslaite","status":"publish","type":"product","link":"https:\/\/keluvo.com\/fi\/product\/auton-kaynnistyslaite\/","title":{"rendered":"Auton k\u00e4ynnistyslaite"},"content":{"rendered":"<p style=\"text-align: center\" data-start=\"114\" data-end=\"173\"><strong data-start=\"114\" data-end=\"173\">Pumppaa, Anna Virtaa, Pelasta P\u00e4iv\u00e4 \u2013 Kaikki Yhdess\u00e4 Ty\u00f6kalussa! \ud83d\ude97\ud83d\udd0b<\/strong><\/p>\n<p style=\"text-align: center\" data-start=\"175\" data-end=\"397\">Tyhj\u00e4 rengas? Kuollut akku? Ei h\u00e4t\u00e4\u00e4. T\u00e4m\u00e4 \u00e4lyk\u00e4s auton starttikone on all-in-one road trip -sankarisi &#8211; se puhaltaa renkaan t\u00e4yteen, antaa startin, antaa virtaa laitteille ja pit\u00e4\u00e4 sinut turvassa h\u00e4t\u00e4valojen avulla. Pienikokoinen, langaton ja valmiina aina kun olet.<\/p>\n<p data-start=\"175\" data-end=\"397\"><img decoding=\"async\" class=\"size-full wp-image-29130 aligncenter\" src=\"https:\/\/keluvo.com\/template\/wp-content\/uploads\/sites\/5\/2025\/07\/07214-ezgif.com-video-to-webp-converter-1.webp\" alt=\"\" \/><\/p>\n<h2 style=\"text-align: center\" data-start=\"399\" data-end=\"420\">\ud83d\udd27 T\u00e4rkeimm\u00e4t Edut<\/h2>\n<p data-start=\"423\" data-end=\"467\">\ud83d\udede T\u00e4ytt\u00e4\u00e4 nopeasti renkaat, pallot ja muut<\/p>\n<p data-start=\"470\" data-end=\"518\">\ud83d\udd0b K\u00e4ynnist\u00e4\u00e4 12 V:n auton akut h\u00e4t\u00e4tilanteissa<\/p>\n<p data-start=\"521\" data-end=\"567\">\ud83d\udd26 Sis\u00e4\u00e4nrakennettu taskulamppu + SOS-h\u00e4t\u00e4valo<\/p>\n<p data-start=\"570\" data-end=\"610\">\ud83d\udd0c USB-portti lataa puhelimia ja laitteita<\/p>\n<p data-start=\"613\" data-end=\"649\">\ud83d\udca1 Helppolukuinen digitaalinen nestekiden\u00e4ytt\u00f6 screen<\/p>\n<p data-start=\"613\" data-end=\"649\"><img decoding=\"async\" class=\"size-full wp-image-29131 aligncenter\" src=\"https:\/\/keluvo.com\/template\/wp-content\/uploads\/sites\/5\/2025\/07\/37792a259dd5266e54645bc326383bda.webp\" alt=\"\" \/><\/p>\n<h2 style=\"text-align: center\" data-start=\"651\" data-end=\"670\">\ud83d\udee0\ufe0f K\u00e4ytt\u00f6ohjeet<\/h2>\n<ol data-start=\"671\" data-end=\"850\">\n<li data-start=\"671\" data-end=\"715\">\n<p data-start=\"674\" data-end=\"715\">Lataus USB:ll\u00e4 tai pistorasiasta.<\/p>\n<\/li>\n<li data-start=\"716\" data-end=\"771\">\n<p data-start=\"719\" data-end=\"771\">Kiinnit\u00e4 suutin renkaaseen, palloon tai puhallettavaan tuotteeseen.<\/p>\n<\/li>\n<li data-start=\"772\" data-end=\"810\">\n<p data-start=\"775\" data-end=\"810\">Aseta PSI-arvo LCD-n\u00e4yt\u00f6n avulla.<\/p>\n<\/li>\n<li data-start=\"811\" data-end=\"850\">\n<p data-start=\"814\" data-end=\"850\">Paina k\u00e4ynnistyspainiketta ja olet valmis l\u00e4htem\u00e4\u00e4n!<\/p>\n<\/li>\n<\/ol>\n<p data-start=\"852\" data-end=\"939\">(K\u00e4ynnistyst\u00e4 varten: liit\u00e4 auton akun napoihin, paina virtapainiketta, k\u00e4ynnist\u00e4 moottori.)<\/p>\n<h2 style=\"text-align: center\" data-start=\"941\" data-end=\"964\">\ud83d\udccf Tuotetiedot<\/h2>\n<ul data-start=\"965\" data-end=\"1155\">\n<li data-start=\"965\" data-end=\"1004\">\n<p data-start=\"967\" data-end=\"1004\">Korkea nopeusmoottori nopeaan t\u00e4ytt\u00f6\u00f6n<\/p>\n<\/li>\n<li data-start=\"1005\" data-end=\"1058\">\n<p data-start=\"1007\" data-end=\"1058\">Kaksoissy\u00f6tt\u00f6: sis\u00e4\u00e4nrakennettu akku tai autopistorasia<\/p>\n<\/li>\n<li data-start=\"1059\" data-end=\"1104\">\n<p data-start=\"1061\" data-end=\"1104\">Digitaalinen painemittari + esiasetettu automaattinen pys\u00e4ytys<\/p>\n<\/li>\n<li data-start=\"1105\" data-end=\"1155\">\n<p data-start=\"1107\" data-end=\"1155\">Toimii polkupy\u00f6rien, autojen, moottoripy\u00f6rien ja pallojen kanssa<\/p>\n<\/li>\n<\/ul>\n<h2 style=\"text-align: center\" data-start=\"1157\" data-end=\"1181\">\ud83d\udce6 Pakkaus Sis\u00e4lt\u00e4\u00e4<\/h2>\n<ul data-start=\"1182\" data-end=\"1290\">\n<li data-start=\"1182\" data-end=\"1213\">\n<p data-start=\"1184\" data-end=\"1213\">1x autohyppyk\u00e4ynnistimen<\/p>\n<\/li>\n<li data-start=\"1214\" data-end=\"1239\">\n<p data-start=\"1216\" data-end=\"1239\">1x USB- latauskaapeli<\/p>\n<\/li>\n<li data-start=\"1240\" data-end=\"1267\">\n<p data-start=\"1242\" data-end=\"1267\">1x ilmaletku<\/p>\n<\/li>\n<li data-start=\"1268\" data-end=\"1290\">\n<p data-start=\"1270\" data-end=\"1290\">1x venttiiliadapterit<\/p>\n<\/li>\n<li data-start=\"1268\" data-end=\"1290\">1x kantopussi.<\/li>\n<\/ul>\n","protected":false},"excerpt":{"rendered":"<p>Pumppaa, Anna Virtaa, Pelasta P\u00e4iv\u00e4 \u2013 Kaikki Yhdess\u00e4 Ty\u00f6kalussa! \ud83d\ude97\ud83d\udd0b Tyhj\u00e4 rengas? Kuollut akku? Ei h\u00e4t\u00e4\u00e4. T\u00e4m\u00e4 \u00e4lyk\u00e4s auton starttikone [&hellip;]<\/p>\n","protected":false},"featured_media":10021,"comment_status":"open","ping_status":"closed","template":"","meta":{"site-sidebar-layout":"default","site-content-layout":"","ast-site-content-layout":"default","site-content-style":"default","site-sidebar-style":"default","ast-global-header-display":"","ast-banner-title-visibility":"","ast-main-header-display":"","ast-hfb-above-header-display":"","ast-hfb-below-header-display":"","ast-hfb-mobile-header-display":"","site-post-title":"","ast-breadcrumbs-content":"","ast-featured-img":"","footer-sml-layout":"","theme-transparent-header-meta":"default","adv-header-id-meta":"","stick-header-meta":"","header-above-stick-meta":"","header-main-stick-meta":"","header-below-stick-meta":"","astra-migrate-meta-layouts":"set","ast-page-background-enabled":"default","ast-page-background-meta":{"desktop":{"background-color":"var(--ast-global-color-4)","background-image":"","background-repeat":"repeat","background-position":"center center","background-size":"auto","background-attachment":"scroll","background-type":"","background-media":"","overlay-type":"","overlay-color":"","overlay-opacity":"","overlay-gradient":""},"tablet":{"background-color":"","background-image":"","background-repeat":"repeat","background-position":"center center","background-size":"auto","background-attachment":"scroll","background-type":"","background-media":"","overlay-type":"","overlay-color":"","overlay-opacity":"","overlay-gradient":""},"mobile":{"background-color":"","background-image":"","background-repeat":"repeat","background-position":"center center","background-size":"auto","background-attachment":"scroll","background-type":"","background-media":"","overlay-type":"","overlay-color":"","overlay-opacity":"","overlay-gradient":""}},"ast-content-background-meta":{"desktop":{"background-color":"var(--ast-global-color-5)","background-image":"","background-repeat":"repeat","background-position":"center center","background-size":"auto","background-attachment":"scroll","background-type":"","background-media":"","overlay-type":"","overlay-color":"","overlay-opacity":"","overlay-gradient":""},"tablet":{"background-color":"var(--ast-global-color-5)","background-image":"","background-repeat":"repeat","background-position":"center center","background-size":"auto","background-attachment":"scroll","background-type":"","background-media":"","overlay-type":"","overlay-color":"","overlay-opacity":"","overlay-gradient":""},"mobile":{"background-color":"var(--ast-global-color-5)","background-image":"","background-repeat":"repeat","background-position":"center center","background-size":"auto","background-attachment":"scroll","background-type":"","background-media":"","overlay-type":"","overlay-color":"","overlay-opacity":"","overlay-gradient":""}}},"product_brand":[],"product_cat":[998],"product_tag":[],"class_list":{"0":"post-10025","1":"product","2":"type-product","3":"status-publish","4":"has-post-thumbnail","6":"product_cat-automotive-products","7":"desktop-align-left","8":"tablet-align-left","9":"mobile-align-left","11":"first","12":"instock","13":"shipping-taxable","14":"purchasable","15":"product-type-simple"},"_links":{"self":[{"href":"https:\/\/keluvo.com\/fi\/wp-json\/wp\/v2\/product\/10025","targetHints":{"allow":["GET"]}}],"collection":[{"href":"https:\/\/keluvo.com\/fi\/wp-json\/wp\/v2\/product"}],"about":[{"href":"https:\/\/keluvo.com\/fi\/wp-json\/wp\/v2\/types\/product"}],"replies":[{"embeddable":true,"href":"https:\/\/keluvo.com\/fi\/wp-json\/wp\/v2\/comments?post=10025"}],"wp:featuredmedia":[{"embeddable":true,"href":"https:\/\/keluvo.com\/fi\/wp-json\/wp\/v2\/media\/10021"}],"wp:attachment":[{"href":"https:\/\/keluvo.com\/fi\/wp-json\/wp\/v2\/media?parent=10025"}],"wp:term":[{"taxonomy":"product_brand","embeddable":true,"href":"https:\/\/keluvo.com\/fi\/wp-json\/wp\/v2\/product_brand?post=10025"},{"taxonomy":"product_cat","embeddable":true,"href":"https:\/\/keluvo.com\/fi\/wp-json\/wp\/v2\/product_cat?post=10025"},{"taxonomy":"product_tag","embeddable":true,"href":"https:\/\/keluvo.com\/fi\/wp-json\/wp\/v2\/product_tag?post=10025"}],"curies":[{"name":"wp","href":"https:\/\/api.w.org\/{rel}","templated":true}]}}