{"id":551,"date":"2024-10-03T20:18:51","date_gmt":"2024-10-03T20:18:51","guid":{"rendered":"https:\/\/keluvo.com\/fi\/?page_id=551"},"modified":"2024-11-22T10:37:47","modified_gmt":"2024-11-22T08:37:47","slug":"contact-us","status":"publish","type":"page","link":"https:\/\/keluvo.com\/fi\/contact-us\/","title":{"rendered":"Ota yhteytt\u00e4"},"content":{"rendered":"\t\t<div data-elementor-type=\"wp-page\" data-elementor-id=\"551\" class=\"elementor elementor-551\">\n\t\t\t\t<div class=\"elementor-element elementor-element-d1c78e8 e-flex e-con-boxed e-con e-parent\" data-id=\"d1c78e8\" data-element_type=\"container\">\n\t\t\t\t\t<div class=\"e-con-inner\">\n\t\t\t\t<div class=\"elementor-element elementor-element-274067b elementor-widget elementor-widget-spacer\" data-id=\"274067b\" data-element_type=\"widget\" data-widget_type=\"spacer.default\">\n\t\t\t\t<div class=\"elementor-widget-container\">\n\t\t\t\t\t<div class=\"elementor-spacer\">\n\t\t\t<div class=\"elementor-spacer-inner\"><\/div>\n\t\t<\/div>\n\t\t\t\t<\/div>\n\t\t\t\t<\/div>\n\t\t\t\t\t<\/div>\n\t\t\t\t<\/div>\n\t\t<div class=\"elementor-element elementor-element-fa9c60d e-flex e-con-boxed e-con e-parent\" data-id=\"fa9c60d\" data-element_type=\"container\">\n\t\t\t\t\t<div class=\"e-con-inner\">\n\t\t\t\t<div class=\"elementor-element elementor-element-8423879 elementor-widget elementor-widget-heading\" data-id=\"8423879\" data-element_type=\"widget\" data-widget_type=\"heading.default\">\n\t\t\t\t<div class=\"elementor-widget-container\">\n\t\t\t<h2 class=\"elementor-heading-title elementor-size-default\">Ota yhteytt\u00e4<\/h2>\t\t<\/div>\n\t\t\t\t<\/div>\n\t\t\t\t<div class=\"elementor-element elementor-element-a64bede elementor-widget elementor-widget-text-editor\" data-id=\"a64bede\" data-element_type=\"widget\" data-widget_type=\"text-editor.default\">\n\t\t\t\t<div class=\"elementor-widget-container\">\n\t\t\t\t\t\t\tVastaamme sinulle 24 tunnin kuluessa\t\t\t\t\t\t<\/div>\n\t\t\t\t<\/div>\n\t\t\t\t<div class=\"elementor-element elementor-element-0af1124 elementor-widget elementor-widget-shortcode\" data-id=\"0af1124\" data-element_type=\"widget\" data-widget_type=\"shortcode.default\">\n\t\t\t\t<div class=\"elementor-widget-container\">\n\t\t\t\t\t<div class=\"elementor-shortcode\"><div class=\"forminator-ui forminator-custom-form forminator-custom-form-554 forminator-design--material  forminator_ajax\" data-forminator-render=\"0\" data-form=\"forminator-module-554\" data-uid=\"69d065143ebde\"><br\/><\/div><form\n\t\t\t\tid=\"forminator-module-554\"\n\t\t\t\tclass=\"forminator-ui forminator-custom-form forminator-custom-form-554 forminator-design--material  forminator_ajax\"\n\t\t\t\tmethod=\"post\"\n\t\t\t\tdata-forminator-render=\"0\"\n\t\t\t\tdata-form-id=\"554\"\n\t\t\t\t\n\t\t\t\tdata-design=\"material\"\n\t\t\t\t\n\t\t\t\t\n\t\t\t\t\n\t\t\t\tdata-grid=\"open\"\n\t\t\t\t\n\t\t\t\t\n\t\t\t\tstyle=\"display: none;\"\n\t\t\t\t\n\t\t\t\tdata-uid=\"69d065143ebde\"\n\t\t\t><div role=\"alert\" aria-live=\"polite\" class=\"forminator-response-message forminator-error\" aria-hidden=\"true\"><\/div><div class=\"forminator-row\"><div id=\"email-1\" class=\"forminator-field-email forminator-col forminator-col-12 \"><div class=\"forminator-field\"><label for=\"forminator-field-email-1_69d065143ebde\" id=\"forminator-field-email-1_69d065143ebde-label\" class=\"forminator-label\">S\u00e4hk\u00f6postiosoite <span class=\"forminator-required\">*<\/span><\/label><input type=\"email\" name=\"email-1\" value=\"\" placeholder=\"E.g. john@doe.com\" id=\"forminator-field-email-1_69d065143ebde\" class=\"forminator-input forminator-email--field\" data-required=\"true\" aria-required=\"true\" \/><\/div><\/div><\/div><div class=\"forminator-row\"><div id=\"textarea-1\" class=\"forminator-field-textarea forminator-col forminator-col-12 \"><div class=\"forminator-field\"><label for=\"forminator-field-textarea-1_69d065143ebde\" id=\"forminator-field-textarea-1_69d065143ebde-label\" class=\"forminator-label\">Viesti<\/label><textarea name=\"textarea-1\" placeholder=\"Kirjoita viestisi...\" id=\"forminator-field-textarea-1_69d065143ebde\" class=\"forminator-textarea\" rows=\"6\" style=\"min-height:140px;\" maxlength=\"180\" ><\/textarea><span id=\"forminator-field-textarea-1_69d065143ebde-description\" class=\"forminator-description\"><span data-limit=\"180\" data-type=\"characters\" data-editor=\"\">0 \/ 180<\/span><\/span><\/div><\/div><\/div><input type=\"hidden\" name=\"referer_url\" value=\"\" \/><div class=\"forminator-row forminator-row-last\"><div class=\"forminator-col\"><div class=\"forminator-field\"><button class=\"forminator-button forminator-button-submit\"><span>L&auml;het&auml; viesti<\/span><span aria-hidden=\"true\"><\/span><\/button><\/div><\/div><\/div><input type=\"hidden\" id=\"forminator_nonce\" name=\"forminator_nonce\" value=\"2ae0fcf4b0\" \/><input type=\"hidden\" name=\"_wp_http_referer\" value=\"\/fi\/wp-json\/wp\/v2\/pages\/551\" \/><input type=\"hidden\" name=\"form_id\" value=\"554\"><input type=\"hidden\" name=\"page_id\" value=\"551\"><input type=\"hidden\" name=\"form_type\" value=\"default\"><input type=\"hidden\" name=\"current_url\" value=\"https:\/\/keluvo.com\/fi\/contact-us\/\"><input type=\"hidden\" name=\"render_id\" value=\"0\"><input type=\"hidden\" name=\"action\" value=\"forminator_submit_form_custom-forms\"><\/form><\/div>\n\t\t\t\t<\/div>\n\t\t\t\t<\/div>\n\t\t\t\t\t<\/div>\n\t\t\t\t<\/div>\n\t\t<div class=\"elementor-element elementor-element-77de5f5 e-flex e-con-boxed e-con e-parent\" data-id=\"77de5f5\" data-element_type=\"container\">\n\t\t\t\t\t<div class=\"e-con-inner\">\n\t\t\t\t\t<\/div>\n\t\t\t\t<\/div>\n\t\t<div class=\"elementor-element elementor-element-9bc943e e-flex e-con-boxed e-con e-parent\" data-id=\"9bc943e\" data-element_type=\"container\">\n\t\t\t\t\t<div class=\"e-con-inner\">\n\t\t\t\t<div class=\"elementor-element elementor-element-6673a76 elementor-widget elementor-widget-spacer\" data-id=\"6673a76\" data-element_type=\"widget\" data-widget_type=\"spacer.default\">\n\t\t\t\t<div class=\"elementor-widget-container\">\n\t\t\t\t\t<div class=\"elementor-spacer\">\n\t\t\t<div class=\"elementor-spacer-inner\"><\/div>\n\t\t<\/div>\n\t\t\t\t<\/div>\n\t\t\t\t<\/div>\n\t\t\t\t\t<\/div>\n\t\t\t\t<\/div>\n\t\t<div class=\"elementor-element elementor-element-426f155 e-flex e-con-boxed e-con e-parent\" data-id=\"426f155\" data-element_type=\"container\">\n\t\t\t\t\t<div class=\"e-con-inner\">\n\t\t\t\t<div class=\"elementor-element elementor-element-4cbf644 elementor-widget elementor-widget-text-editor\" data-id=\"4cbf644\" data-element_type=\"widget\" data-widget_type=\"text-editor.default\">\n\t\t\t\t<div class=\"elementor-widget-container\">\n\t\t\t\t\t\t\t<h2 class=\"caption-with-letter-spacing\">Usein kysytyt kysymykset<\/h2>\t\t\t\t\t\t<\/div>\n\t\t\t\t<\/div>\n\t\t\t\t<div class=\"elementor-element elementor-element-fe98b5e elementor-widget elementor-widget-shortcode\" data-id=\"fe98b5e\" data-element_type=\"widget\" data-widget_type=\"shortcode.default\">\n\t\t\t\t<div class=\"elementor-widget-container\">\n\t\t\t\t\t<div class=\"elementor-shortcode\"><style>#sp-ea-1673 .spcollapsing { height: 0; overflow: hidden; transition-property: height;transition-duration: 300ms;}#sp-ea-1673.sp-easy-accordion>.sp-ea-single {margin-bottom: 10px; border: 1px solid #e2e2e2; }#sp-ea-1673.sp-easy-accordion>.sp-ea-single>.ea-header a {color: #444;}#sp-ea-1673.sp-easy-accordion>.sp-ea-single>.sp-collapse>.ea-body {background: #fff; color: #444;}#sp-ea-1673.sp-easy-accordion>.sp-ea-single {background: #ffffff;}#sp-ea-1673.sp-easy-accordion>.sp-ea-single>.ea-header a .ea-expand-icon { float: right; color: #444;font-size: 16px;}#sp-ea-1673.sp-easy-accordion>.sp-ea-single>.ea-header a .ea-expand-icon {margin-right: 0;}<\/style><div id=\"sp_easy_accordion-1730037424\">\n<div id=\"sp-ea-1673\" class=\"sp-ea-one sp-easy-accordion\" data-ex-icon=\"minus\" data-col-icon=\"plus\" data-ea-active=\"ea-click\" data-ea-mode=\"vertical\" data-preloader=\"\" data-scroll-active-item=\"\" data-offset-to-scroll=\"0\">\n\t<!-- Start accordion card div. -->\n\t<div class=\"ea-card ea-expand sp-ea-single\">\n\t\t<!-- Start accordion header. -->\n\t\t<h3 class=\"ea-header\">\n\t\t\t<!-- Add anchor tag for header. -->\n\t\t\t<a class=\"collapsed\" id=\"ea-header-16730\" data-sptoggle=\"spcollapse\" data-sptarget=\"#collapse16730\" aria-controls=\"collapse16730\" href=\"#\"  aria-expanded=\"true\" tabindex=\"0\">\n\t\t\t<i class=\"ea-expand-icon ea-icon-expand-minus\"><\/i> 1. Mist\u00e4 l\u00f6yd\u00e4n seurantanumeron?\t\t\t<\/a> <!-- Close anchor tag for header. -->\n\t\t<\/h3>\t<!-- Close header tag. -->\n\t\t<!-- Start collapsible content div. -->\n\t\t<div class=\"sp-collapse spcollapse collapsed show\" id=\"collapse16730\" data-parent=\"#sp-ea-1673\" role=\"region\" aria-labelledby=\"ea-header-16730\">  <!-- Content div. -->\n\t\t\t<div class=\"ea-body\">\n\t\t\t<p>Kun tilauksesi on l\u00e4hetetty, saat seurantanumeron s\u00e4hk\u00f6postitse. Seurantakoodi l\u00e4hetet\u00e4\u00e4n yleens\u00e4 1-3 ty\u00f6p\u00e4iv\u00e4n kuluessa. Huomaa, ett\u00e4 seurantakoodin aktivoituminen voi kest\u00e4\u00e4 useita ty\u00f6p\u00e4ivi\u00e4.<\/p>\n\t\t\t<\/div> <!-- Close content div. -->\n\t\t<\/div> <!-- Close collapse div. -->\n\t<\/div> <!-- Close card div. -->\n\t\t<!-- Start accordion card div. -->\n\t<div class=\"ea-card  sp-ea-single\">\n\t\t<!-- Start accordion header. -->\n\t\t<h3 class=\"ea-header\">\n\t\t\t<!-- Add anchor tag for header. -->\n\t\t\t<a class=\"collapsed\" id=\"ea-header-16731\" data-sptoggle=\"spcollapse\" data-sptarget=\"#collapse16731\" aria-controls=\"collapse16731\" href=\"#\"  aria-expanded=\"false\" tabindex=\"0\">\n\t\t\t<i class=\"ea-expand-icon ea-icon-expand-plus\"><\/i> 2. Miten voin tarkistaa tilaukseni tilan?\t\t\t<\/a> <!-- Close anchor tag for header. -->\n\t\t<\/h3>\t<!-- Close header tag. -->\n\t\t<!-- Start collapsible content div. -->\n\t\t<div class=\"sp-collapse spcollapse \" id=\"collapse16731\" data-parent=\"#sp-ea-1673\" role=\"region\" aria-labelledby=\"ea-header-16731\">  <!-- Content div. -->\n\t\t\t<div class=\"ea-body\">\n\t\t\t<p>Seuraa tilauksesi tilaa s\u00e4hk\u00f6postitse saamasi seurantakoodin avulla. Kirjoita seurantanumero verkkosivuston \u201dL\u00e4hetyksen seuranta\u201d-osioon n\u00e4hd\u00e4ksesi l\u00e4hetyksen nykyisen tilan.<\/p>\n\t\t\t<\/div> <!-- Close content div. -->\n\t\t<\/div> <!-- Close collapse div. -->\n\t<\/div> <!-- Close card div. -->\n\t\t<!-- Start accordion card div. -->\n\t<div class=\"ea-card  sp-ea-single\">\n\t\t<!-- Start accordion header. -->\n\t\t<h3 class=\"ea-header\">\n\t\t\t<!-- Add anchor tag for header. -->\n\t\t\t<a class=\"collapsed\" id=\"ea-header-16732\" data-sptoggle=\"spcollapse\" data-sptarget=\"#collapse16732\" aria-controls=\"collapse16732\" href=\"#\"  aria-expanded=\"false\" tabindex=\"0\">\n\t\t\t<i class=\"ea-expand-icon ea-icon-expand-plus\"><\/i> 3. Mit\u00e4 jos en ole tyytyv\u00e4inen tilaukseeni?\t\t\t<\/a> <!-- Close anchor tag for header. -->\n\t\t<\/h3>\t<!-- Close header tag. -->\n\t\t<!-- Start collapsible content div. -->\n\t\t<div class=\"sp-collapse spcollapse \" id=\"collapse16732\" data-parent=\"#sp-ea-1673\" role=\"region\" aria-labelledby=\"ea-header-16732\">  <!-- Content div. -->\n\t\t\t<div class=\"ea-body\">\n\t\t\t<p>Jos et ole tyytyv\u00e4inen tilaukseesi, ota meihin yhteytt\u00e4 osoitteeseen info@keluvo.com. Kuvaile ongelmasi mahdollisimman yksityiskohtaisesti toimittamalla kuva tai video viasta. Arvioituamme tilattuun tuotteeseen liittyv\u00e4n ongelman pyrimme vastaamaan mahdollisimman pian ja l\u00f6yt\u00e4m\u00e4\u00e4n yhteisen kompromissin ongelman ratkaisemiseksi.<\/p>\n\t\t\t<\/div> <!-- Close content div. -->\n\t\t<\/div> <!-- Close collapse div. -->\n\t<\/div> <!-- Close card div. -->\n\t\t<!-- Start accordion card div. -->\n\t<div class=\"ea-card  sp-ea-single\">\n\t\t<!-- Start accordion header. -->\n\t\t<h3 class=\"ea-header\">\n\t\t\t<!-- Add anchor tag for header. -->\n\t\t\t<a class=\"collapsed\" id=\"ea-header-16733\" data-sptoggle=\"spcollapse\" data-sptarget=\"#collapse16733\" aria-controls=\"collapse16733\" href=\"#\"  aria-expanded=\"false\" tabindex=\"0\">\n\t\t\t<i class=\"ea-expand-icon ea-icon-expand-plus\"><\/i> 4. Ovatko maksutietoni turvassa?\t\t\t<\/a> <!-- Close anchor tag for header. -->\n\t\t<\/h3>\t<!-- Close header tag. -->\n\t\t<!-- Start collapsible content div. -->\n\t\t<div class=\"sp-collapse spcollapse \" id=\"collapse16733\" data-parent=\"#sp-ea-1673\" role=\"region\" aria-labelledby=\"ea-header-16733\">  <!-- Content div. -->\n\t\t\t<div class=\"ea-body\">\n\t\t\t<p>K\u00e4yt\u00e4mme SSL-salausta (Secure Socket Layer), joka varmistaa, ett\u00e4 tietosi siirtyv\u00e4t turvallisesti selaimesi ja palvelimiemme v\u00e4lill\u00e4. T\u00e4m\u00e4 tarjoaa lis\u00e4suojaa tietovarkauksia vastaan ja varmistaa, ett\u00e4 henkil\u00f6kohtaiset maksutietosi ovat turvassa.<\/p>\n\t\t\t<\/div> <!-- Close content div. -->\n\t\t<\/div> <!-- Close collapse div. -->\n\t<\/div> <!-- Close card div. -->\n\t\t<!-- Start accordion card div. -->\n\t<div class=\"ea-card  sp-ea-single\">\n\t\t<!-- Start accordion header. -->\n\t\t<h3 class=\"ea-header\">\n\t\t\t<!-- Add anchor tag for header. -->\n\t\t\t<a class=\"collapsed\" id=\"ea-header-16734\" data-sptoggle=\"spcollapse\" data-sptarget=\"#collapse16734\" aria-controls=\"collapse16734\" href=\"#\"  aria-expanded=\"false\" tabindex=\"0\">\n\t\t\t<i class=\"ea-expand-icon ea-icon-expand-plus\"><\/i> 5. Etk\u00f6 l\u00f6yt\u00e4nyt vastausta kysymykseesi?\t\t\t<\/a> <!-- Close anchor tag for header. -->\n\t\t<\/h3>\t<!-- Close header tag. -->\n\t\t<!-- Start collapsible content div. -->\n\t\t<div class=\"sp-collapse spcollapse \" id=\"collapse16734\" data-parent=\"#sp-ea-1673\" role=\"region\" aria-labelledby=\"ea-header-16734\">  <!-- Content div. -->\n\t\t\t<div class=\"ea-body\">\n\t\t\t<p>Jos sinulla on avoimia kysymyksi\u00e4 tai tarvitset lis\u00e4tietoja, ota yhteytt\u00e4 osoitteeseen info@keluvo.com.<\/p>\n<p>Asiakaspalvelutiimimme on aina valmis auttamaan ja vastaamaan kysymyksiisi.<\/p>\n\t\t\t<\/div> <!-- Close content div. -->\n\t\t<\/div> <!-- Close collapse div. -->\n\t<\/div> <!-- Close card div. -->\n\t\t<!-- Start accordion card div. -->\n\t<div class=\"ea-card  sp-ea-single\">\n\t\t<!-- Start accordion header. -->\n\t\t<h3 class=\"ea-header\">\n\t\t\t<!-- Add anchor tag for header. -->\n\t\t\t<a class=\"collapsed\" id=\"ea-header-16735\" data-sptoggle=\"spcollapse\" data-sptarget=\"#collapse16735\" aria-controls=\"collapse16735\" href=\"#\"  aria-expanded=\"false\" tabindex=\"0\">\n\t\t\t<i class=\"ea-expand-icon ea-icon-expand-plus\"><\/i> 6. Kuinka voin palauttaa tuotteen?\t\t\t<\/a> <!-- Close anchor tag for header. -->\n\t\t<\/h3>\t<!-- Close header tag. -->\n\t\t<!-- Start collapsible content div. -->\n\t\t<div class=\"sp-collapse spcollapse \" id=\"collapse16735\" data-parent=\"#sp-ea-1673\" role=\"region\" aria-labelledby=\"ea-header-16735\">  <!-- Content div. -->\n\t\t\t<div class=\"ea-body\">\n\t\t\t<p>Ota yhteytt\u00e4 osoitteeseen info@keluvo.com saadaksesi lis\u00e4tietoja tuotteiden palauttamisesta. Kaikki ostokset voidaan palauttaa 14 ty\u00f6p\u00e4iv\u00e4n kuluessa ilman syyt\u00e4. Ota vain yhteytt\u00e4 meihin, niin annamme sinulle kaikki tarvittavat tiedot paketin palauttamiseksi.<\/p>\n\t\t\t<\/div> <!-- Close content div. -->\n\t\t<\/div> <!-- Close collapse div. -->\n\t<\/div> <!-- Close card div. -->\n\t<\/div>\n<\/div>\n<\/div>\n\t\t\t\t<\/div>\n\t\t\t\t<\/div>\n\t\t\t\t\t<\/div>\n\t\t\t\t<\/div>\n\t\t<div class=\"elementor-element elementor-element-87fd7db e-flex e-con-boxed e-con e-parent\" data-id=\"87fd7db\" data-element_type=\"container\">\n\t\t\t\t\t<div class=\"e-con-inner\">\n\t\t\t\t<div class=\"elementor-element elementor-element-ece9a39 elementor-widget elementor-widget-spacer\" data-id=\"ece9a39\" data-element_type=\"widget\" data-widget_type=\"spacer.default\">\n\t\t\t\t<div class=\"elementor-widget-container\">\n\t\t\t\t\t<div class=\"elementor-spacer\">\n\t\t\t<div class=\"elementor-spacer-inner\"><\/div>\n\t\t<\/div>\n\t\t\t\t<\/div>\n\t\t\t\t<\/div>\n\t\t\t\t\t<\/div>\n\t\t\t\t<\/div>\n\t\t\t\t<\/div>\n\t\t","protected":false},"excerpt":{"rendered":"<p>Ota yhteytt\u00e4 Vastaamme sinulle 24 tunnin kuluessa Usein kysytyt kysymykset<\/p>\n","protected":false},"author":1,"featured_media":0,"parent":0,"menu_order":0,"comment_status":"closed","ping_status":"closed","template":"","meta":{"site-sidebar-layout":"no-sidebar","site-content-layout":"","ast-site-content-layout":"full-width-container","site-content-style":"default","site-sidebar-style":"default","ast-global-header-display":"","ast-banner-title-visibility":"","ast-main-header-display":"","ast-hfb-above-header-display":"","ast-hfb-below-header-display":"","ast-hfb-mobile-header-display":"","site-post-title":"disabled","ast-breadcrumbs-content":"","ast-featured-img":"disabled","footer-sml-layout":"","theme-transparent-header-meta":"","adv-header-id-meta":"","stick-header-meta":"","header-above-stick-meta":"","header-main-stick-meta":"","header-below-stick-meta":"","astra-migrate-meta-layouts":"default","ast-page-background-enabled":"default","ast-page-background-meta":{"desktop":{"background-color":"var(--ast-global-color-4)","background-image":"","background-repeat":"repeat","background-position":"center center","background-size":"auto","background-attachment":"scroll","background-type":"","background-media":"","overlay-type":"","overlay-color":"","overlay-opacity":"","overlay-gradient":""},"tablet":{"background-color":"","background-image":"","background-repeat":"repeat","background-position":"center center","background-size":"auto","background-attachment":"scroll","background-type":"","background-media":"","overlay-type":"","overlay-color":"","overlay-opacity":"","overlay-gradient":""},"mobile":{"background-color":"","background-image":"","background-repeat":"repeat","background-position":"center center","background-size":"auto","background-attachment":"scroll","background-type":"","background-media":"","overlay-type":"","overlay-color":"","overlay-opacity":"","overlay-gradient":""}},"ast-content-background-meta":{"desktop":{"background-color":"var(--ast-global-color-5)","background-image":"","background-repeat":"repeat","background-position":"center center","background-size":"auto","background-attachment":"scroll","background-type":"","background-media":"","overlay-type":"","overlay-color":"","overlay-opacity":"","overlay-gradient":""},"tablet":{"background-color":"var(--ast-global-color-5)","background-image":"","background-repeat":"repeat","background-position":"center center","background-size":"auto","background-attachment":"scroll","background-type":"","background-media":"","overlay-type":"","overlay-color":"","overlay-opacity":"","overlay-gradient":""},"mobile":{"background-color":"var(--ast-global-color-5)","background-image":"","background-repeat":"repeat","background-position":"center center","background-size":"auto","background-attachment":"scroll","background-type":"","background-media":"","overlay-type":"","overlay-color":"","overlay-opacity":"","overlay-gradient":""}},"footnotes":""},"class_list":["post-551","page","type-page","status-publish","hentry"],"_links":{"self":[{"href":"https:\/\/keluvo.com\/fi\/wp-json\/wp\/v2\/pages\/551","targetHints":{"allow":["GET"]}}],"collection":[{"href":"https:\/\/keluvo.com\/fi\/wp-json\/wp\/v2\/pages"}],"about":[{"href":"https:\/\/keluvo.com\/fi\/wp-json\/wp\/v2\/types\/page"}],"author":[{"embeddable":true,"href":"https:\/\/keluvo.com\/fi\/wp-json\/wp\/v2\/users\/1"}],"replies":[{"embeddable":true,"href":"https:\/\/keluvo.com\/fi\/wp-json\/wp\/v2\/comments?post=551"}],"version-history":[{"count":26,"href":"https:\/\/keluvo.com\/fi\/wp-json\/wp\/v2\/pages\/551\/revisions"}],"predecessor-version":[{"id":3716,"href":"https:\/\/keluvo.com\/fi\/wp-json\/wp\/v2\/pages\/551\/revisions\/3716"}],"wp:attachment":[{"href":"https:\/\/keluvo.com\/fi\/wp-json\/wp\/v2\/media?parent=551"}],"curies":[{"name":"wp","href":"https:\/\/api.w.org\/{rel}","templated":true}]}}