{"id":1695,"date":"2024-10-27T17:23:42","date_gmt":"2024-10-27T14:23:42","guid":{"rendered":"https:\/\/keluvo.com\/fi\/?page_id=1695"},"modified":"2025-10-22T17:39:34","modified_gmt":"2025-10-22T14:39:34","slug":"about-us","status":"publish","type":"page","link":"https:\/\/keluvo.com\/fi\/about-us\/","title":{"rendered":"Tietoa meist\u00e4"},"content":{"rendered":"\t\t<div data-elementor-type=\"wp-page\" data-elementor-id=\"1695\" class=\"elementor elementor-1695\">\n\t\t\t\t<div class=\"elementor-element elementor-element-1b46ff3 e-flex e-con-boxed e-con e-parent\" data-id=\"1b46ff3\" data-element_type=\"container\">\n\t\t\t\t\t<div class=\"e-con-inner\">\n\t\t\t\t<div class=\"elementor-element elementor-element-e658bd4 elementor-widget elementor-widget-spacer\" data-id=\"e658bd4\" data-element_type=\"widget\" data-widget_type=\"spacer.default\">\n\t\t\t\t<div class=\"elementor-widget-container\">\n\t\t\t\t\t<div class=\"elementor-spacer\">\n\t\t\t<div class=\"elementor-spacer-inner\"><\/div>\n\t\t<\/div>\n\t\t\t\t<\/div>\n\t\t\t\t<\/div>\n\t\t\t\t\t<\/div>\n\t\t\t\t<\/div>\n\t\t<div class=\"elementor-element elementor-element-0f353a6 e-flex e-con-boxed e-con e-parent\" data-id=\"0f353a6\" data-element_type=\"container\">\n\t\t\t\t\t<div class=\"e-con-inner\">\n\t\t\t\t<div class=\"elementor-element elementor-element-55c77c0 elementor-widget elementor-widget-text-editor\" data-id=\"55c77c0\" data-element_type=\"widget\" data-widget_type=\"text-editor.default\">\n\t\t\t\t<div class=\"elementor-widget-container\">\n\t\t\t\t\t\t\t<h2>Tietoa meist\u00e4<\/h2><p>Yksi Keluvo.com t\u00e4rkeimmist\u00e4 tavoitteista on tarjota asiakkaillemme parasta vastinetta rahalle. Pyrimme varmistamaan, ett\u00e4 asiakkaamme saavat korkealaatuisia tuotteita mahdollisimman edulliseen hintaan.<\/p><p>Varmistamme alhaiset hinnat suoraan tehtaan toimittajilta. Olemme solmineet pitk\u00e4aikaisia kumppanuuksia tukkutehtaiden, jakelijoiden ja varastojen kanssa tarpeettomien v\u00e4lik\u00e4sien aiheuttamien kustannusten poistamiseksi. N\u00e4in voimme tarjota korkealaatuisia tuotteita kilpailukykyiseen ja alennettuun hintaan asiakkaillemme maailmanlaajuisesti.\u00a0<\/p><p>Yritystiedot:<br \/>Yrityksen nimi: UAB \u201dNovtra\u201d<br \/>Yrityksen numero: 306378020<br \/>Osoite: Sveikatos g. 29, Struik\u0173 k., \u0160ilal\u0117s r., Liettua<br \/>Email: info@keluvo.com<\/p>\t\t\t\t\t\t<\/div>\n\t\t\t\t<\/div>\n\t\t\t\t\t<\/div>\n\t\t\t\t<\/div>\n\t\t<div class=\"elementor-element elementor-element-f1fc886 e-flex e-con-boxed e-con e-parent\" data-id=\"f1fc886\" data-element_type=\"container\">\n\t\t\t\t\t<div class=\"e-con-inner\">\n\t\t<div class=\"elementor-element elementor-element-8236560 e-con-full e-flex e-con e-child\" data-id=\"8236560\" data-element_type=\"container\" data-settings=\"{&quot;background_background&quot;:&quot;classic&quot;}\">\n\t\t\t\t<div class=\"elementor-element elementor-element-3473028 elementor-widget elementor-widget-image\" data-id=\"3473028\" data-element_type=\"widget\" data-widget_type=\"image.default\">\n\t\t\t\t<div class=\"elementor-widget-container\">\n\t\t\t\t\t\t\t\t\t\t\t\t\t<img decoding=\"async\" src=\"https:\/\/keluvo.com\/fi\/wp-content\/uploads\/sites\/11\/2024\/10\/WhatsApp-Image-2024-10-02-at-16.47.43_bc9ae918-1024x682.jpg\" title=\"WhatsApp Image 2024-10-02 at 16.47.43_bc9ae918\" alt=\"WhatsApp Image 2024-10-02 at 16.47.43_bc9ae918\" loading=\"lazy\" \/>\t\t\t\t\t\t\t\t\t\t\t\t\t<\/div>\n\t\t\t\t<\/div>\n\t\t\t\t<\/div>\n\t\t<div class=\"elementor-element elementor-element-1c6ec15 e-con-full e-flex e-con e-child\" data-id=\"1c6ec15\" data-element_type=\"container\" data-settings=\"{&quot;background_background&quot;:&quot;classic&quot;}\">\n\t\t\t\t<div class=\"elementor-element elementor-element-6533d09 elementor-widget elementor-widget-text-editor\" data-id=\"6533d09\" data-element_type=\"widget\" data-widget_type=\"text-editor.default\">\n\t\t\t\t<div class=\"elementor-widget-container\">\n\t\t\t\t\t\t\t<h2 style=\"color: #ffffff;\">Fyysinen myym\u00e4l\u00e4<\/h2><p>Keluvon ensimm\u00e4inen fyysinen myym\u00e4l\u00e4 avataan pian! Tiimimme ty\u00f6skentelee ahkerasti sen eteen ja on valmiina tuomaan sinulle erityisi\u00e4 uutisia avajaisten kunniaksi! N\u00e4hd\u00e4\u00e4n pian!<\/p>\t\t\t\t\t\t<\/div>\n\t\t\t\t<\/div>\n\t\t\t\t<\/div>\n\t\t\t\t\t<\/div>\n\t\t\t\t<\/div>\n\t\t<div class=\"elementor-element elementor-element-f4bc1e8 e-flex e-con-boxed e-con e-parent\" data-id=\"f4bc1e8\" data-element_type=\"container\">\n\t\t\t\t\t<div class=\"e-con-inner\">\n\t\t\t\t<div class=\"elementor-element elementor-element-11ab2cf elementor-widget elementor-widget-spacer\" data-id=\"11ab2cf\" data-element_type=\"widget\" data-widget_type=\"spacer.default\">\n\t\t\t\t<div class=\"elementor-widget-container\">\n\t\t\t\t\t<div class=\"elementor-spacer\">\n\t\t\t<div class=\"elementor-spacer-inner\"><\/div>\n\t\t<\/div>\n\t\t\t\t<\/div>\n\t\t\t\t<\/div>\n\t\t\t\t\t<\/div>\n\t\t\t\t<\/div>\n\t\t<div class=\"elementor-element elementor-element-598196a e-flex e-con-boxed e-con e-parent\" data-id=\"598196a\" data-element_type=\"container\">\n\t\t\t\t\t<div class=\"e-con-inner\">\n\t\t\t\t<div class=\"elementor-element elementor-element-6d1d7d7 elementor-widget elementor-widget-spacer\" data-id=\"6d1d7d7\" data-element_type=\"widget\" data-widget_type=\"spacer.default\">\n\t\t\t\t<div class=\"elementor-widget-container\">\n\t\t\t\t\t<div class=\"elementor-spacer\">\n\t\t\t<div class=\"elementor-spacer-inner\"><\/div>\n\t\t<\/div>\n\t\t\t\t<\/div>\n\t\t\t\t<\/div>\n\t\t\t\t\t<\/div>\n\t\t\t\t<\/div>\n\t\t<div class=\"elementor-element elementor-element-a556346 e-flex e-con-boxed e-con e-parent\" data-id=\"a556346\" data-element_type=\"container\">\n\t\t\t\t\t<div class=\"e-con-inner\">\n\t\t\t\t<div class=\"elementor-element elementor-element-0fb84c2 elementor-widget elementor-widget-text-editor\" data-id=\"0fb84c2\" data-element_type=\"widget\" data-widget_type=\"text-editor.default\">\n\t\t\t\t<div class=\"elementor-widget-container\">\n\t\t\t\t\t\t\t<h2 class=\"caption-with-letter-spacing\">Usein kysytyt kysymykset<\/h2>\t\t\t\t\t\t<\/div>\n\t\t\t\t<\/div>\n\t\t\t\t<div class=\"elementor-element elementor-element-ad94080 elementor-widget elementor-widget-shortcode\" data-id=\"ad94080\" data-element_type=\"widget\" data-widget_type=\"shortcode.default\">\n\t\t\t\t<div class=\"elementor-widget-container\">\n\t\t\t\t\t<div class=\"elementor-shortcode\"><style>#sp-ea-1673 .spcollapsing { height: 0; overflow: hidden; transition-property: height;transition-duration: 300ms;}#sp-ea-1673.sp-easy-accordion>.sp-ea-single {margin-bottom: 10px; border: 1px solid #e2e2e2; }#sp-ea-1673.sp-easy-accordion>.sp-ea-single>.ea-header a {color: #444;}#sp-ea-1673.sp-easy-accordion>.sp-ea-single>.sp-collapse>.ea-body {background: #fff; color: #444;}#sp-ea-1673.sp-easy-accordion>.sp-ea-single {background: #ffffff;}#sp-ea-1673.sp-easy-accordion>.sp-ea-single>.ea-header a .ea-expand-icon { float: right; color: #444;font-size: 16px;}#sp-ea-1673.sp-easy-accordion>.sp-ea-single>.ea-header a .ea-expand-icon {margin-right: 0;}<\/style><div id=\"sp_easy_accordion-1730037424\">\n<div id=\"sp-ea-1673\" class=\"sp-ea-one sp-easy-accordion\" data-ex-icon=\"minus\" data-col-icon=\"plus\" data-ea-active=\"ea-click\" data-ea-mode=\"vertical\" data-preloader=\"\" data-scroll-active-item=\"\" data-offset-to-scroll=\"0\">\n\t<!-- Start accordion card div. -->\n\t<div class=\"ea-card ea-expand sp-ea-single\">\n\t\t<!-- Start accordion header. -->\n\t\t<h3 class=\"ea-header\">\n\t\t\t<!-- Add anchor tag for header. -->\n\t\t\t<a class=\"collapsed\" id=\"ea-header-16730\" data-sptoggle=\"spcollapse\" data-sptarget=\"#collapse16730\" aria-controls=\"collapse16730\" href=\"#\"  aria-expanded=\"true\" tabindex=\"0\">\n\t\t\t<i class=\"ea-expand-icon ea-icon-expand-minus\"><\/i> 1. Mist\u00e4 l\u00f6yd\u00e4n seurantanumeron?\t\t\t<\/a> <!-- Close anchor tag for header. -->\n\t\t<\/h3>\t<!-- Close header tag. -->\n\t\t<!-- Start collapsible content div. -->\n\t\t<div class=\"sp-collapse spcollapse collapsed show\" id=\"collapse16730\" data-parent=\"#sp-ea-1673\" role=\"region\" aria-labelledby=\"ea-header-16730\">  <!-- Content div. -->\n\t\t\t<div class=\"ea-body\">\n\t\t\t<p>Kun tilauksesi on l\u00e4hetetty, saat seurantanumeron s\u00e4hk\u00f6postitse. Seurantakoodi l\u00e4hetet\u00e4\u00e4n yleens\u00e4 1-3 ty\u00f6p\u00e4iv\u00e4n kuluessa. Huomaa, ett\u00e4 seurantakoodin aktivoituminen voi kest\u00e4\u00e4 useita ty\u00f6p\u00e4ivi\u00e4.<\/p>\n\t\t\t<\/div> <!-- Close content div. -->\n\t\t<\/div> <!-- Close collapse div. -->\n\t<\/div> <!-- Close card div. -->\n\t\t<!-- Start accordion card div. -->\n\t<div class=\"ea-card  sp-ea-single\">\n\t\t<!-- Start accordion header. -->\n\t\t<h3 class=\"ea-header\">\n\t\t\t<!-- Add anchor tag for header. -->\n\t\t\t<a class=\"collapsed\" id=\"ea-header-16731\" data-sptoggle=\"spcollapse\" data-sptarget=\"#collapse16731\" aria-controls=\"collapse16731\" href=\"#\"  aria-expanded=\"false\" tabindex=\"0\">\n\t\t\t<i class=\"ea-expand-icon ea-icon-expand-plus\"><\/i> 2. Miten voin tarkistaa tilaukseni tilan?\t\t\t<\/a> <!-- Close anchor tag for header. -->\n\t\t<\/h3>\t<!-- Close header tag. -->\n\t\t<!-- Start collapsible content div. -->\n\t\t<div class=\"sp-collapse spcollapse \" id=\"collapse16731\" data-parent=\"#sp-ea-1673\" role=\"region\" aria-labelledby=\"ea-header-16731\">  <!-- Content div. -->\n\t\t\t<div class=\"ea-body\">\n\t\t\t<p>Seuraa tilauksesi tilaa s\u00e4hk\u00f6postitse saamasi seurantakoodin avulla. Kirjoita seurantanumero verkkosivuston \u201dL\u00e4hetyksen seuranta\u201d-osioon n\u00e4hd\u00e4ksesi l\u00e4hetyksen nykyisen tilan.<\/p>\n\t\t\t<\/div> <!-- Close content div. -->\n\t\t<\/div> <!-- Close collapse div. -->\n\t<\/div> <!-- Close card div. -->\n\t\t<!-- Start accordion card div. -->\n\t<div class=\"ea-card  sp-ea-single\">\n\t\t<!-- Start accordion header. -->\n\t\t<h3 class=\"ea-header\">\n\t\t\t<!-- Add anchor tag for header. -->\n\t\t\t<a class=\"collapsed\" id=\"ea-header-16732\" data-sptoggle=\"spcollapse\" data-sptarget=\"#collapse16732\" aria-controls=\"collapse16732\" href=\"#\"  aria-expanded=\"false\" tabindex=\"0\">\n\t\t\t<i class=\"ea-expand-icon ea-icon-expand-plus\"><\/i> 3. Mit\u00e4 jos en ole tyytyv\u00e4inen tilaukseeni?\t\t\t<\/a> <!-- Close anchor tag for header. -->\n\t\t<\/h3>\t<!-- Close header tag. -->\n\t\t<!-- Start collapsible content div. -->\n\t\t<div class=\"sp-collapse spcollapse \" id=\"collapse16732\" data-parent=\"#sp-ea-1673\" role=\"region\" aria-labelledby=\"ea-header-16732\">  <!-- Content div. -->\n\t\t\t<div class=\"ea-body\">\n\t\t\t<p>Jos et ole tyytyv\u00e4inen tilaukseesi, ota meihin yhteytt\u00e4 osoitteeseen info@keluvo.com. Kuvaile ongelmasi mahdollisimman yksityiskohtaisesti toimittamalla kuva tai video viasta. Arvioituamme tilattuun tuotteeseen liittyv\u00e4n ongelman pyrimme vastaamaan mahdollisimman pian ja l\u00f6yt\u00e4m\u00e4\u00e4n yhteisen kompromissin ongelman ratkaisemiseksi.<\/p>\n\t\t\t<\/div> <!-- Close content div. -->\n\t\t<\/div> <!-- Close collapse div. -->\n\t<\/div> <!-- Close card div. -->\n\t\t<!-- Start accordion card div. -->\n\t<div class=\"ea-card  sp-ea-single\">\n\t\t<!-- Start accordion header. -->\n\t\t<h3 class=\"ea-header\">\n\t\t\t<!-- Add anchor tag for header. -->\n\t\t\t<a class=\"collapsed\" id=\"ea-header-16733\" data-sptoggle=\"spcollapse\" data-sptarget=\"#collapse16733\" aria-controls=\"collapse16733\" href=\"#\"  aria-expanded=\"false\" tabindex=\"0\">\n\t\t\t<i class=\"ea-expand-icon ea-icon-expand-plus\"><\/i> 4. Ovatko maksutietoni turvassa?\t\t\t<\/a> <!-- Close anchor tag for header. -->\n\t\t<\/h3>\t<!-- Close header tag. -->\n\t\t<!-- Start collapsible content div. -->\n\t\t<div class=\"sp-collapse spcollapse \" id=\"collapse16733\" data-parent=\"#sp-ea-1673\" role=\"region\" aria-labelledby=\"ea-header-16733\">  <!-- Content div. -->\n\t\t\t<div class=\"ea-body\">\n\t\t\t<p>K\u00e4yt\u00e4mme SSL-salausta (Secure Socket Layer), joka varmistaa, ett\u00e4 tietosi siirtyv\u00e4t turvallisesti selaimesi ja palvelimiemme v\u00e4lill\u00e4. T\u00e4m\u00e4 tarjoaa lis\u00e4suojaa tietovarkauksia vastaan ja varmistaa, ett\u00e4 henkil\u00f6kohtaiset maksutietosi ovat turvassa.<\/p>\n\t\t\t<\/div> <!-- Close content div. -->\n\t\t<\/div> <!-- Close collapse div. -->\n\t<\/div> <!-- Close card div. -->\n\t\t<!-- Start accordion card div. -->\n\t<div class=\"ea-card  sp-ea-single\">\n\t\t<!-- Start accordion header. -->\n\t\t<h3 class=\"ea-header\">\n\t\t\t<!-- Add anchor tag for header. -->\n\t\t\t<a class=\"collapsed\" id=\"ea-header-16734\" data-sptoggle=\"spcollapse\" data-sptarget=\"#collapse16734\" aria-controls=\"collapse16734\" href=\"#\"  aria-expanded=\"false\" tabindex=\"0\">\n\t\t\t<i class=\"ea-expand-icon ea-icon-expand-plus\"><\/i> 5. Etk\u00f6 l\u00f6yt\u00e4nyt vastausta kysymykseesi?\t\t\t<\/a> <!-- Close anchor tag for header. -->\n\t\t<\/h3>\t<!-- Close header tag. -->\n\t\t<!-- Start collapsible content div. -->\n\t\t<div class=\"sp-collapse spcollapse \" id=\"collapse16734\" data-parent=\"#sp-ea-1673\" role=\"region\" aria-labelledby=\"ea-header-16734\">  <!-- Content div. -->\n\t\t\t<div class=\"ea-body\">\n\t\t\t<p>Jos sinulla on avoimia kysymyksi\u00e4 tai tarvitset lis\u00e4tietoja, ota yhteytt\u00e4 osoitteeseen info@keluvo.com.<\/p>\n<p>Asiakaspalvelutiimimme on aina valmis auttamaan ja vastaamaan kysymyksiisi.<\/p>\n\t\t\t<\/div> <!-- Close content div. -->\n\t\t<\/div> <!-- Close collapse div. -->\n\t<\/div> <!-- Close card div. -->\n\t\t<!-- Start accordion card div. -->\n\t<div class=\"ea-card  sp-ea-single\">\n\t\t<!-- Start accordion header. -->\n\t\t<h3 class=\"ea-header\">\n\t\t\t<!-- Add anchor tag for header. -->\n\t\t\t<a class=\"collapsed\" id=\"ea-header-16735\" data-sptoggle=\"spcollapse\" data-sptarget=\"#collapse16735\" aria-controls=\"collapse16735\" href=\"#\"  aria-expanded=\"false\" tabindex=\"0\">\n\t\t\t<i class=\"ea-expand-icon ea-icon-expand-plus\"><\/i> 6. Kuinka voin palauttaa tuotteen?\t\t\t<\/a> <!-- Close anchor tag for header. -->\n\t\t<\/h3>\t<!-- Close header tag. -->\n\t\t<!-- Start collapsible content div. -->\n\t\t<div class=\"sp-collapse spcollapse \" id=\"collapse16735\" data-parent=\"#sp-ea-1673\" role=\"region\" aria-labelledby=\"ea-header-16735\">  <!-- Content div. -->\n\t\t\t<div class=\"ea-body\">\n\t\t\t<p>Ota yhteytt\u00e4 osoitteeseen info@keluvo.com saadaksesi lis\u00e4tietoja tuotteiden palauttamisesta. Kaikki ostokset voidaan palauttaa 14 ty\u00f6p\u00e4iv\u00e4n kuluessa ilman syyt\u00e4. Ota vain yhteytt\u00e4 meihin, niin annamme sinulle kaikki tarvittavat tiedot paketin palauttamiseksi.<\/p>\n\t\t\t<\/div> <!-- Close content div. -->\n\t\t<\/div> <!-- Close collapse div. -->\n\t<\/div> <!-- Close card div. -->\n\t<\/div>\n<\/div>\n<\/div>\n\t\t\t\t<\/div>\n\t\t\t\t<\/div>\n\t\t\t\t\t<\/div>\n\t\t\t\t<\/div>\n\t\t<div class=\"elementor-element elementor-element-0874d70 e-flex e-con-boxed e-con e-parent\" data-id=\"0874d70\" data-element_type=\"container\">\n\t\t\t\t\t<div class=\"e-con-inner\">\n\t\t\t\t<div class=\"elementor-element elementor-element-44d02b5 elementor-widget elementor-widget-spacer\" data-id=\"44d02b5\" data-element_type=\"widget\" data-widget_type=\"spacer.default\">\n\t\t\t\t<div class=\"elementor-widget-container\">\n\t\t\t\t\t<div class=\"elementor-spacer\">\n\t\t\t<div class=\"elementor-spacer-inner\"><\/div>\n\t\t<\/div>\n\t\t\t\t<\/div>\n\t\t\t\t<\/div>\n\t\t\t\t\t<\/div>\n\t\t\t\t<\/div>\n\t\t<div class=\"elementor-element elementor-element-f7382f9 e-flex e-con-boxed e-con e-parent\" data-id=\"f7382f9\" data-element_type=\"container\">\n\t\t\t\t\t<div class=\"e-con-inner\">\n\t\t\t\t<div class=\"elementor-element elementor-element-9ac124b elementor-widget elementor-widget-heading\" data-id=\"9ac124b\" data-element_type=\"widget\" data-widget_type=\"heading.default\">\n\t\t\t\t<div class=\"elementor-widget-container\">\n\t\t\t<h2 class=\"elementor-heading-title elementor-size-default\">Ota yhteytt\u00e4<\/h2>\t\t<\/div>\n\t\t\t\t<\/div>\n\t\t\t\t<div class=\"elementor-element elementor-element-e899890 elementor-widget elementor-widget-text-editor\" data-id=\"e899890\" data-element_type=\"widget\" data-widget_type=\"text-editor.default\">\n\t\t\t\t<div class=\"elementor-widget-container\">\n\t\t\t\t\t\t\t<p>Otamme sinuun yhteytt\u00e4 24 tunnin kuluessa<\/p>\t\t\t\t\t\t<\/div>\n\t\t\t\t<\/div>\n\t\t\t\t<div class=\"elementor-element elementor-element-ca5bc57 elementor-widget elementor-widget-shortcode\" data-id=\"ca5bc57\" data-element_type=\"widget\" data-widget_type=\"shortcode.default\">\n\t\t\t\t<div class=\"elementor-widget-container\">\n\t\t\t\t\t<div class=\"elementor-shortcode\"><div class=\"forminator-ui forminator-custom-form forminator-custom-form-554 forminator-design--material  forminator_ajax\" data-forminator-render=\"0\" data-form=\"forminator-module-554\" data-uid=\"69d065136f987\"><br\/><\/div><form\n\t\t\t\tid=\"forminator-module-554\"\n\t\t\t\tclass=\"forminator-ui forminator-custom-form forminator-custom-form-554 forminator-design--material  forminator_ajax\"\n\t\t\t\tmethod=\"post\"\n\t\t\t\tdata-forminator-render=\"0\"\n\t\t\t\tdata-form-id=\"554\"\n\t\t\t\t\n\t\t\t\tdata-design=\"material\"\n\t\t\t\t\n\t\t\t\t\n\t\t\t\t\n\t\t\t\tdata-grid=\"open\"\n\t\t\t\t\n\t\t\t\t\n\t\t\t\tstyle=\"display: none;\"\n\t\t\t\t\n\t\t\t\tdata-uid=\"69d065136f987\"\n\t\t\t><div role=\"alert\" aria-live=\"polite\" class=\"forminator-response-message forminator-error\" aria-hidden=\"true\"><\/div><div class=\"forminator-row\"><div id=\"email-1\" class=\"forminator-field-email forminator-col forminator-col-12 \"><div class=\"forminator-field\"><label for=\"forminator-field-email-1_69d065136f987\" id=\"forminator-field-email-1_69d065136f987-label\" class=\"forminator-label\">S\u00e4hk\u00f6postiosoite <span class=\"forminator-required\">*<\/span><\/label><input type=\"email\" name=\"email-1\" value=\"\" placeholder=\"E.g. john@doe.com\" id=\"forminator-field-email-1_69d065136f987\" class=\"forminator-input forminator-email--field\" data-required=\"true\" aria-required=\"true\" \/><\/div><\/div><\/div><div class=\"forminator-row\"><div id=\"textarea-1\" class=\"forminator-field-textarea forminator-col forminator-col-12 \"><div class=\"forminator-field\"><label for=\"forminator-field-textarea-1_69d065136f987\" id=\"forminator-field-textarea-1_69d065136f987-label\" class=\"forminator-label\">Viesti<\/label><textarea name=\"textarea-1\" placeholder=\"Kirjoita viestisi...\" id=\"forminator-field-textarea-1_69d065136f987\" class=\"forminator-textarea\" rows=\"6\" style=\"min-height:140px;\" maxlength=\"180\" ><\/textarea><span id=\"forminator-field-textarea-1_69d065136f987-description\" class=\"forminator-description\"><span data-limit=\"180\" data-type=\"characters\" data-editor=\"\">0 \/ 180<\/span><\/span><\/div><\/div><\/div><input type=\"hidden\" name=\"referer_url\" value=\"\" \/><div class=\"forminator-row forminator-row-last\"><div class=\"forminator-col\"><div class=\"forminator-field\"><button class=\"forminator-button forminator-button-submit\"><span>L&auml;het&auml; viesti<\/span><span aria-hidden=\"true\"><\/span><\/button><\/div><\/div><\/div><input type=\"hidden\" id=\"forminator_nonce\" name=\"forminator_nonce\" value=\"2ae0fcf4b0\" \/><input type=\"hidden\" name=\"_wp_http_referer\" value=\"\/fi\/wp-json\/wp\/v2\/pages\/1695\" \/><input type=\"hidden\" name=\"form_id\" value=\"554\"><input type=\"hidden\" name=\"page_id\" value=\"1695\"><input type=\"hidden\" name=\"form_type\" value=\"default\"><input type=\"hidden\" name=\"current_url\" value=\"https:\/\/keluvo.com\/fi\/about-us\/\"><input type=\"hidden\" name=\"render_id\" value=\"0\"><input type=\"hidden\" name=\"action\" value=\"forminator_submit_form_custom-forms\"><\/form><\/div>\n\t\t\t\t<\/div>\n\t\t\t\t<\/div>\n\t\t\t\t\t<\/div>\n\t\t\t\t<\/div>\n\t\t<div class=\"elementor-element elementor-element-12524e9 e-flex e-con-boxed e-con e-parent\" data-id=\"12524e9\" data-element_type=\"container\">\n\t\t\t\t\t<div class=\"e-con-inner\">\n\t\t\t\t<div class=\"elementor-element elementor-element-b4f941d elementor-widget elementor-widget-spacer\" data-id=\"b4f941d\" data-element_type=\"widget\" data-widget_type=\"spacer.default\">\n\t\t\t\t<div class=\"elementor-widget-container\">\n\t\t\t\t\t<div class=\"elementor-spacer\">\n\t\t\t<div class=\"elementor-spacer-inner\"><\/div>\n\t\t<\/div>\n\t\t\t\t<\/div>\n\t\t\t\t<\/div>\n\t\t\t\t\t<\/div>\n\t\t\t\t<\/div>\n\t\t\t\t<\/div>\n\t\t","protected":false},"excerpt":{"rendered":"<p>Tietoa meist\u00e4 Yksi Keluvo.com t\u00e4rkeimmist\u00e4 tavoitteista on tarjota asiakkaillemme parasta vastinetta rahalle. Pyrimme varmistamaan, ett\u00e4 asiakkaamme saavat korkealaatuisia tuotteita mahdollisimman [&hellip;]<\/p>\n","protected":false},"author":1,"featured_media":0,"parent":0,"menu_order":0,"comment_status":"closed","ping_status":"closed","template":"","meta":{"site-sidebar-layout":"no-sidebar","site-content-layout":"","ast-site-content-layout":"full-width-container","site-content-style":"default","site-sidebar-style":"default","ast-global-header-display":"","ast-banner-title-visibility":"","ast-main-header-display":"","ast-hfb-above-header-display":"","ast-hfb-below-header-display":"","ast-hfb-mobile-header-display":"","site-post-title":"disabled","ast-breadcrumbs-content":"","ast-featured-img":"disabled","footer-sml-layout":"","theme-transparent-header-meta":"","adv-header-id-meta":"","stick-header-meta":"","header-above-stick-meta":"","header-main-stick-meta":"","header-below-stick-meta":"","astra-migrate-meta-layouts":"default","ast-page-background-enabled":"default","ast-page-background-meta":{"desktop":{"background-color":"var(--ast-global-color-4)","background-image":"","background-repeat":"repeat","background-position":"center center","background-size":"auto","background-attachment":"scroll","background-type":"","background-media":"","overlay-type":"","overlay-color":"","overlay-opacity":"","overlay-gradient":""},"tablet":{"background-color":"","background-image":"","background-repeat":"repeat","background-position":"center center","background-size":"auto","background-attachment":"scroll","background-type":"","background-media":"","overlay-type":"","overlay-color":"","overlay-opacity":"","overlay-gradient":""},"mobile":{"background-color":"","background-image":"","background-repeat":"repeat","background-position":"center center","background-size":"auto","background-attachment":"scroll","background-type":"","background-media":"","overlay-type":"","overlay-color":"","overlay-opacity":"","overlay-gradient":""}},"ast-content-background-meta":{"desktop":{"background-color":"var(--ast-global-color-5)","background-image":"","background-repeat":"repeat","background-position":"center center","background-size":"auto","background-attachment":"scroll","background-type":"","background-media":"","overlay-type":"","overlay-color":"","overlay-opacity":"","overlay-gradient":""},"tablet":{"background-color":"var(--ast-global-color-5)","background-image":"","background-repeat":"repeat","background-position":"center center","background-size":"auto","background-attachment":"scroll","background-type":"","background-media":"","overlay-type":"","overlay-color":"","overlay-opacity":"","overlay-gradient":""},"mobile":{"background-color":"var(--ast-global-color-5)","background-image":"","background-repeat":"repeat","background-position":"center center","background-size":"auto","background-attachment":"scroll","background-type":"","background-media":"","overlay-type":"","overlay-color":"","overlay-opacity":"","overlay-gradient":""}},"footnotes":""},"class_list":["post-1695","page","type-page","status-publish","hentry"],"_links":{"self":[{"href":"https:\/\/keluvo.com\/fi\/wp-json\/wp\/v2\/pages\/1695","targetHints":{"allow":["GET"]}}],"collection":[{"href":"https:\/\/keluvo.com\/fi\/wp-json\/wp\/v2\/pages"}],"about":[{"href":"https:\/\/keluvo.com\/fi\/wp-json\/wp\/v2\/types\/page"}],"author":[{"embeddable":true,"href":"https:\/\/keluvo.com\/fi\/wp-json\/wp\/v2\/users\/1"}],"replies":[{"embeddable":true,"href":"https:\/\/keluvo.com\/fi\/wp-json\/wp\/v2\/comments?post=1695"}],"version-history":[{"count":47,"href":"https:\/\/keluvo.com\/fi\/wp-json\/wp\/v2\/pages\/1695\/revisions"}],"predecessor-version":[{"id":13487,"href":"https:\/\/keluvo.com\/fi\/wp-json\/wp\/v2\/pages\/1695\/revisions\/13487"}],"wp:attachment":[{"href":"https:\/\/keluvo.com\/fi\/wp-json\/wp\/v2\/media?parent=1695"}],"curies":[{"name":"wp","href":"https:\/\/api.w.org\/{rel}","templated":true}]}}